{"id":1835,"date":"2025-05-01T08:21:11","date_gmt":"2025-05-01T08:21:11","guid":{"rendered":"https:\/\/www.11dtyresealant.com\/a-propos-de-nousabout-us\/"},"modified":"2025-11-10T19:31:28","modified_gmt":"2025-11-10T19:31:28","slug":"a-propos-de-nousabout-us","status":"publish","type":"page","link":"https:\/\/www.11dtyresealant.com\/fr\/a-propos-de-nousabout-us\/","title":{"rendered":"\u00c0 propos de nous"},"content":{"rendered":"\t\t<div data-elementor-type=\"wp-page\" data-elementor-id=\"1835\" class=\"elementor elementor-1835 elementor-1111\" data-elementor-post-type=\"page\">\n\t\t\t\t<div class=\"elementor-element elementor-element-dea6082 e-flex e-con-boxed e-con e-parent\" data-id=\"dea6082\" data-element_type=\"container\" data-settings=\"{&quot;background_background&quot;:&quot;classic&quot;}\">\n\t\t\t\t\t<div class=\"e-con-inner\">\n\t\t<div class=\"elementor-element elementor-element-d1818cd e-con-full e-flex e-con e-child\" data-id=\"d1818cd\" data-element_type=\"container\">\n\t\t\t\t<div class=\"elementor-element elementor-element-5688f6b elementor-widget elementor-widget-heading\" data-id=\"5688f6b\" data-element_type=\"widget\" data-widget_type=\"heading.default\">\n\t\t\t\t<div class=\"elementor-widget-container\">\n\t\t\t\t\t<h1 class=\"elementor-heading-title elementor-size-default\">\u00c0 PROPOS DE NOUS <\/h1>\t\t\t\t<\/div>\n\t\t\t\t<\/div>\n\t\t\t\t<\/div>\n\t\t\t\t\t<\/div>\n\t\t\t\t<\/div>\n\t\t<div class=\"elementor-element elementor-element-b9d89a8 e-flex e-con-boxed e-con e-parent\" data-id=\"b9d89a8\" data-element_type=\"container\">\n\t\t\t\t\t<div class=\"e-con-inner\">\n\t\t\t\t<div class=\"elementor-element elementor-element-1416b5f elementor-widget-divider--view-line elementor-widget elementor-widget-divider\" data-id=\"1416b5f\" data-element_type=\"widget\" data-widget_type=\"divider.default\">\n\t\t\t\t<div class=\"elementor-widget-container\">\n\t\t\t\t\t\t\t<div class=\"elementor-divider\">\n\t\t\t<span class=\"elementor-divider-separator\">\n\t\t\t\t\t\t<\/span>\n\t\t<\/div>\n\t\t\t\t\t\t<\/div>\n\t\t\t\t<\/div>\n\t\t\t\t\t<\/div>\n\t\t\t\t<\/div>\n\t\t<div class=\"elementor-element elementor-element-92d1b02 e-flex e-con-boxed e-con e-parent\" data-id=\"92d1b02\" data-element_type=\"container\">\n\t\t\t\t\t<div class=\"e-con-inner\">\n\t\t\t\t<div class=\"elementor-element elementor-element-f813de2 elementor-widget elementor-widget-text-editor\" data-id=\"f813de2\" data-element_type=\"widget\" data-widget_type=\"text-editor.default\">\n\t\t\t\t<div class=\"elementor-widget-container\">\n\t\t\t\t\t\t\t\t\t<p><strong>11D International est un fabricant de produits d&rsquo;\u00e9tanch\u00e9it\u00e9 pour pneus fiable et innovant qui fournit des solutions biosourc\u00e9es et hautement performantes dans le monde entier. Depuis notre cr\u00e9ation, nous aidons les flottes \u00e0 r\u00e9duire les temps d&rsquo;immobilisation, les co\u00fbts de r\u00e9paration et \u00e0 am\u00e9liorer la s\u00e9curit\u00e9 gr\u00e2ce \u00e0 notre technologie unique et respectueuse de l&rsquo;environnement.<\/strong><\/p><p>La formule unique de 11D a \u00e9t\u00e9 d\u00e9velopp\u00e9e pour la premi\u00e8re fois en 1994 par son fondateur, Cok Meijer, ancien pilote et entrepreneur passionn\u00e9 par l&rsquo;innovation et la mobilit\u00e9. En \u00e9troite collaboration avec des fournisseurs et des experts techniques, et apr\u00e8s des mois de tests avec TNO, Meijer a cr\u00e9\u00e9 la formule originale 11D. Le nom \u00ab 11D \u00bb s&rsquo;inspire du 11e \u00e9chantillon test\u00e9, qui a finalement atteint les performances d&rsquo;\u00e9tanch\u00e9it\u00e9 permanente souhait\u00e9es.<\/p><h2><strong>DU SECTEUR DENTAIRE AUX PNEUS\u200b<\/strong><\/h2><p>Cela peut sembler une reconversion surprenante, c\u2019en est une ! <br \/>Mais pour Kees van der Poel et Tijn Stoeldraijer, cette transition a \u00e9t\u00e9 une \u00e9vidence. Apr\u00e8s plus de 25 ans pass\u00e9s dans le secteur dentaire, ils ont \u00e9t\u00e9 s\u00e9duits par la simplicit\u00e9 et l\u2019efficacit\u00e9 des pr\u00e9ventifs anticrevaisons d\u00e9velopp\u00e9s par 11D : des produits \u00e0 fort potentiel, pratiques et offrant des b\u00e9n\u00e9fices imm\u00e9diats et durables \u00e0 leurs utilisateurs.<\/p>\t\t\t\t\t\t\t\t<\/div>\n\t\t\t\t<\/div>\n\t\t\t\t\t<\/div>\n\t\t\t\t<\/div>\n\t\t<div class=\"elementor-element elementor-element-a35a25f e-flex e-con-boxed e-con e-parent\" data-id=\"a35a25f\" data-element_type=\"container\">\n\t\t\t\t\t<div class=\"e-con-inner\">\n\t\t<div class=\"elementor-element elementor-element-c7af720 e-con-full e-flex e-con e-child\" data-id=\"c7af720\" data-element_type=\"container\">\n\t\t<div class=\"elementor-element elementor-element-0b99e3f e-con-full e-flex e-con e-child\" data-id=\"0b99e3f\" data-element_type=\"container\">\n\t\t\t\t<div class=\"elementor-element elementor-element-3aca251 elementor-widget elementor-widget-text-editor\" data-id=\"3aca251\" data-element_type=\"widget\" data-widget_type=\"text-editor.default\">\n\t\t\t\t<div class=\"elementor-widget-container\">\n\t\t\t\t\t\t\t\t\t<p>Ensemble, avec tous les collaborateurs de 11D, nous formons une <br \/>\u00e9quipe convaincue de l\u2019importance de ce produit, et surtout de ses <br \/>avantages pour vous, utilisateur : une r\u00e9duction des temps d\u2019arr\u00eat et <br \/>des co\u00fbts, et surtout une plus grande tranquillit\u00e9 d\u2019esprit.<\/p><p><br \/>Notre mission ? <br \/>Faire d\u00e9couvrir \u00e0 tous les gestionnaires ou conducteurs <br \/>de v\u00e9hicules, les avantages des pr\u00e9ventifs anticrevaisons 11D. <\/p>\t\t\t\t\t\t\t\t<\/div>\n\t\t\t\t<\/div>\n\t\t\t\t<\/div>\n\t\t<div class=\"elementor-element elementor-element-788d8ea e-con-full e-flex e-con e-child\" data-id=\"788d8ea\" data-element_type=\"container\">\n\t\t\t\t<div class=\"elementor-element elementor-element-12bb884 elementor-widget elementor-widget-image\" data-id=\"12bb884\" data-element_type=\"widget\" data-widget_type=\"image.default\">\n\t\t\t\t<div class=\"elementor-widget-container\">\n\t\t\t\t\t\t\t\t\t\t\t\t\t\t\t<img fetchpriority=\"high\" decoding=\"async\" width=\"800\" height=\"600\" src=\"https:\/\/www.11dtyresealant.com\/wp-content\/uploads\/2025\/06\/Foto-12-06-2025-10-48-01-1024x768.jpg\" class=\"attachment-large size-large wp-image-1741\" alt=\"11D Tyre Sealant_Tijn en Kees\" srcset=\"https:\/\/www.11dtyresealant.com\/wp-content\/uploads\/2025\/06\/Foto-12-06-2025-10-48-01-1024x768.jpg 1024w, https:\/\/www.11dtyresealant.com\/wp-content\/uploads\/2025\/06\/Foto-12-06-2025-10-48-01-300x225.jpg 300w, https:\/\/www.11dtyresealant.com\/wp-content\/uploads\/2025\/06\/Foto-12-06-2025-10-48-01-768x576.jpg 768w, https:\/\/www.11dtyresealant.com\/wp-content\/uploads\/2025\/06\/Foto-12-06-2025-10-48-01-1536x1152.jpg 1536w, https:\/\/www.11dtyresealant.com\/wp-content\/uploads\/2025\/06\/Foto-12-06-2025-10-48-01.jpg 1600w\" sizes=\"(max-width: 800px) 100vw, 800px\" \/>\t\t\t\t\t\t\t\t\t\t\t\t\t\t\t<\/div>\n\t\t\t\t<\/div>\n\t\t\t\t<\/div>\n\t\t\t\t<\/div>\n\t\t\t\t<div class=\"elementor-element elementor-element-aba5988 elementor-align-center elementor-widget elementor-widget-button\" data-id=\"aba5988\" data-element_type=\"widget\" data-widget_type=\"button.default\">\n\t\t\t\t<div class=\"elementor-widget-container\">\n\t\t\t\t\t\t\t\t\t<div class=\"elementor-button-wrapper\">\n\t\t\t\t\t<a class=\"elementor-button elementor-button-link elementor-size-sm\" href=\"https:\/\/www.11dtyresealant.com\/contact\/\">\n\t\t\t\t\t\t<span class=\"elementor-button-content-wrapper\">\n\t\t\t\t\t\t\t\t\t<span class=\"elementor-button-text\">Prendre contact<\/span>\n\t\t\t\t\t<\/span>\n\t\t\t\t\t<\/a>\n\t\t\t\t<\/div>\n\t\t\t\t\t\t\t\t<\/div>\n\t\t\t\t<\/div>\n\t\t\t\t\t<\/div>\n\t\t\t\t<\/div>\n\t\t\t\t<\/div>\n\t\t","protected":false},"excerpt":{"rendered":"<p>\u00c0 PROPOS DE NOUS 11D International est un fabricant de produits d&rsquo;\u00e9tanch\u00e9it\u00e9 pour pneus fiable et innovant qui fournit des solutions biosourc\u00e9es et hautement performantes dans le monde entier. Depuis notre cr\u00e9ation, nous aidons les flottes \u00e0 r\u00e9duire les temps d&rsquo;immobilisation, les co\u00fbts de r\u00e9paration et \u00e0 am\u00e9liorer la s\u00e9curit\u00e9 gr\u00e2ce \u00e0 notre technologie unique [&hellip;]<\/p>\n","protected":false},"author":1,"featured_media":0,"parent":0,"menu_order":0,"comment_status":"closed","ping_status":"closed","template":"","meta":{"_acf_changed":false,"footnotes":""},"class_list":["post-1835","page","type-page","status-publish","hentry"],"acf":[],"yoast_head":"<!-- This site is optimized with the Yoast SEO plugin v25.5 - https:\/\/yoast.com\/wordpress\/plugins\/seo\/ -->\n<title>\u00c0 propos de nous - 11d<\/title>\n<meta name=\"robots\" content=\"index, follow, max-snippet:-1, max-image-preview:large, max-video-preview:-1\" \/>\n<link rel=\"canonical\" href=\"https:\/\/www.11dtyresealant.com\/fr\/a-propos-de-nousabout-us\/\" \/>\n<meta property=\"og:locale\" content=\"fr_FR\" \/>\n<meta property=\"og:type\" content=\"article\" \/>\n<meta property=\"og:title\" content=\"\u00c0 propos de nous - 11d\" \/>\n<meta property=\"og:description\" content=\"\u00c0 PROPOS DE NOUS 11D International est un fabricant de produits d&rsquo;\u00e9tanch\u00e9it\u00e9 pour pneus fiable et innovant qui fournit des solutions biosourc\u00e9es et hautement performantes dans le monde entier. Depuis notre cr\u00e9ation, nous aidons les flottes \u00e0 r\u00e9duire les temps d&rsquo;immobilisation, les co\u00fbts de r\u00e9paration et \u00e0 am\u00e9liorer la s\u00e9curit\u00e9 gr\u00e2ce \u00e0 notre technologie unique [&hellip;]\" \/>\n<meta property=\"og:url\" content=\"https:\/\/www.11dtyresealant.com\/fr\/a-propos-de-nousabout-us\/\" \/>\n<meta property=\"og:site_name\" content=\"11d\" \/>\n<meta property=\"article:publisher\" content=\"https:\/\/www.facebook.com\/11Dinternational\/\" \/>\n<meta property=\"article:modified_time\" content=\"2025-11-10T19:31:28+00:00\" \/>\n<meta property=\"og:image\" content=\"https:\/\/www.11dtyresealant.com\/wp-content\/uploads\/2025\/06\/Foto-12-06-2025-10-48-01.jpg\" \/>\n\t<meta property=\"og:image:width\" content=\"1600\" \/>\n\t<meta property=\"og:image:height\" content=\"1200\" \/>\n\t<meta property=\"og:image:type\" content=\"image\/jpeg\" \/>\n<meta name=\"twitter:card\" content=\"summary_large_image\" \/>\n<meta name=\"twitter:label1\" content=\"Dur\u00e9e de lecture estim\u00e9e\" \/>\n\t<meta name=\"twitter:data1\" content=\"2 minutes\" \/>\n<!-- \/ Yoast SEO plugin. -->","yoast_head_json":{"title":"\u00c0 propos de nous - 11d","robots":{"index":"index","follow":"follow","max-snippet":"max-snippet:-1","max-image-preview":"max-image-preview:large","max-video-preview":"max-video-preview:-1"},"canonical":"https:\/\/www.11dtyresealant.com\/fr\/a-propos-de-nousabout-us\/","og_locale":"fr_FR","og_type":"article","og_title":"\u00c0 propos de nous - 11d","og_description":"\u00c0 PROPOS DE NOUS 11D International est un fabricant de produits d&rsquo;\u00e9tanch\u00e9it\u00e9 pour pneus fiable et innovant qui fournit des solutions biosourc\u00e9es et hautement performantes dans le monde entier. Depuis notre cr\u00e9ation, nous aidons les flottes \u00e0 r\u00e9duire les temps d&rsquo;immobilisation, les co\u00fbts de r\u00e9paration et \u00e0 am\u00e9liorer la s\u00e9curit\u00e9 gr\u00e2ce \u00e0 notre technologie unique [&hellip;]","og_url":"https:\/\/www.11dtyresealant.com\/fr\/a-propos-de-nousabout-us\/","og_site_name":"11d","article_publisher":"https:\/\/www.facebook.com\/11Dinternational\/","article_modified_time":"2025-11-10T19:31:28+00:00","og_image":[{"width":1600,"height":1200,"url":"https:\/\/www.11dtyresealant.com\/wp-content\/uploads\/2025\/06\/Foto-12-06-2025-10-48-01.jpg","type":"image\/jpeg"}],"twitter_card":"summary_large_image","twitter_misc":{"Dur\u00e9e de lecture estim\u00e9e":"2 minutes"},"schema":{"@context":"https:\/\/schema.org","@graph":[{"@type":"WebPage","@id":"https:\/\/www.11dtyresealant.com\/fr\/a-propos-de-nousabout-us\/","url":"https:\/\/www.11dtyresealant.com\/fr\/a-propos-de-nousabout-us\/","name":"\u00c0 propos de nous - 11d","isPartOf":{"@id":"https:\/\/www.11dtyresealant.com\/fr\/#website"},"primaryImageOfPage":{"@id":"https:\/\/www.11dtyresealant.com\/fr\/a-propos-de-nousabout-us\/#primaryimage"},"image":{"@id":"https:\/\/www.11dtyresealant.com\/fr\/a-propos-de-nousabout-us\/#primaryimage"},"thumbnailUrl":"https:\/\/www.11dtyresealant.com\/wp-content\/uploads\/2025\/06\/Foto-12-06-2025-10-48-01-1024x768.jpg","datePublished":"2025-05-01T08:21:11+00:00","dateModified":"2025-11-10T19:31:28+00:00","breadcrumb":{"@id":"https:\/\/www.11dtyresealant.com\/fr\/a-propos-de-nousabout-us\/#breadcrumb"},"inLanguage":"fr-FR","potentialAction":[{"@type":"ReadAction","target":["https:\/\/www.11dtyresealant.com\/fr\/a-propos-de-nousabout-us\/"]}]},{"@type":"ImageObject","inLanguage":"fr-FR","@id":"https:\/\/www.11dtyresealant.com\/fr\/a-propos-de-nousabout-us\/#primaryimage","url":"https:\/\/www.11dtyresealant.com\/wp-content\/uploads\/2025\/06\/Foto-12-06-2025-10-48-01-1024x768.jpg","contentUrl":"https:\/\/www.11dtyresealant.com\/wp-content\/uploads\/2025\/06\/Foto-12-06-2025-10-48-01-1024x768.jpg"},{"@type":"BreadcrumbList","@id":"https:\/\/www.11dtyresealant.com\/fr\/a-propos-de-nousabout-us\/#breadcrumb","itemListElement":[{"@type":"ListItem","position":1,"name":"Home","item":"https:\/\/www.11dtyresealant.com\/fr\/"},{"@type":"ListItem","position":2,"name":"\u00c0 propos de nous"}]},{"@type":"WebSite","@id":"https:\/\/www.11dtyresealant.com\/fr\/#website","url":"https:\/\/www.11dtyresealant.com\/fr\/","name":"11d","description":"","publisher":{"@id":"https:\/\/www.11dtyresealant.com\/fr\/#organization"},"potentialAction":[{"@type":"SearchAction","target":{"@type":"EntryPoint","urlTemplate":"https:\/\/www.11dtyresealant.com\/fr\/?s={search_term_string}"},"query-input":{"@type":"PropertyValueSpecification","valueRequired":true,"valueName":"search_term_string"}}],"inLanguage":"fr-FR"},{"@type":"Organization","@id":"https:\/\/www.11dtyresealant.com\/fr\/#organization","name":"11D Tyre Sealant","alternateName":"Okoned","url":"https:\/\/www.11dtyresealant.com\/fr\/","logo":{"@type":"ImageObject","inLanguage":"fr-FR","@id":"https:\/\/www.11dtyresealant.com\/fr\/#\/schema\/logo\/image\/","url":"https:\/\/www.11dtyresealant.com\/wp-content\/uploads\/2025\/10\/images.png","contentUrl":"https:\/\/www.11dtyresealant.com\/wp-content\/uploads\/2025\/10\/images.png","width":225,"height":225,"caption":"11D Tyre Sealant"},"image":{"@id":"https:\/\/www.11dtyresealant.com\/fr\/#\/schema\/logo\/image\/"},"sameAs":["https:\/\/www.facebook.com\/11Dinternational\/"]}]}},"_links":{"self":[{"href":"https:\/\/www.11dtyresealant.com\/fr\/wp-json\/wp\/v2\/pages\/1835","targetHints":{"allow":["GET"]}}],"collection":[{"href":"https:\/\/www.11dtyresealant.com\/fr\/wp-json\/wp\/v2\/pages"}],"about":[{"href":"https:\/\/www.11dtyresealant.com\/fr\/wp-json\/wp\/v2\/types\/page"}],"author":[{"embeddable":true,"href":"https:\/\/www.11dtyresealant.com\/fr\/wp-json\/wp\/v2\/users\/1"}],"replies":[{"embeddable":true,"href":"https:\/\/www.11dtyresealant.com\/fr\/wp-json\/wp\/v2\/comments?post=1835"}],"version-history":[{"count":11,"href":"https:\/\/www.11dtyresealant.com\/fr\/wp-json\/wp\/v2\/pages\/1835\/revisions"}],"predecessor-version":[{"id":2641,"href":"https:\/\/www.11dtyresealant.com\/fr\/wp-json\/wp\/v2\/pages\/1835\/revisions\/2641"}],"wp:attachment":[{"href":"https:\/\/www.11dtyresealant.com\/fr\/wp-json\/wp\/v2\/media?parent=1835"}],"curies":[{"name":"wp","href":"https:\/\/api.w.org\/{rel}","templated":true}]}}