{"id":1882,"date":"2025-04-08T13:02:46","date_gmt":"2025-04-08T13:02:46","guid":{"rendered":"https:\/\/www.11dtyresealant.com\/super-heavy-duty\/"},"modified":"2025-11-08T20:03:05","modified_gmt":"2025-11-08T20:03:05","slug":"super-heavy-duty","status":"publish","type":"page","link":"https:\/\/www.11dtyresealant.com\/fr\/product-range\/super-heavy-duty\/","title":{"rendered":"Super heavy duty"},"content":{"rendered":"\t\t<div data-elementor-type=\"wp-page\" data-elementor-id=\"1882\" class=\"elementor elementor-1882 elementor-366\" data-elementor-post-type=\"page\">\n\t\t\t\t<div class=\"elementor-element elementor-element-0c41c52 e-flex e-con-boxed e-con e-parent\" data-id=\"0c41c52\" data-element_type=\"container\" data-settings=\"{&quot;background_background&quot;:&quot;classic&quot;}\">\n\t\t\t\t\t<div class=\"e-con-inner\">\n\t\t<div class=\"elementor-element elementor-element-5491768 e-con-full e-flex e-con e-child\" data-id=\"5491768\" data-element_type=\"container\">\n\t\t<div class=\"elementor-element elementor-element-9fdb415 e-con-full e-flex e-con e-child\" data-id=\"9fdb415\" data-element_type=\"container\" data-settings=\"{&quot;background_background&quot;:&quot;classic&quot;}\">\n\t\t\t\t<div class=\"elementor-element elementor-element-3f4fa98 elementor-widget elementor-widget-text-editor\" data-id=\"3f4fa98\" data-element_type=\"widget\" data-widget_type=\"text-editor.default\">\n\t\t\t\t<div class=\"elementor-widget-container\">\n\t\t\t\t\t\t\t\t\t<p>Le 11D Super Heavy Duty a \u00e9t\u00e9 sp\u00e9cialement con\u00e7u pour les activit\u00e9s hors route, les plus exigeantes. Avec la technologie brevet\u00e9 Poly Pearl\u00ae, il offre un pouvoir d\u2019\u00e9tanch\u00e9it\u00e9 <br \/>in\u00e9gal\u00e9e, capable de colmater m\u00eame les plus grandes perforations. Gr\u00e2ce \u00e0 lui, vos engins restent op\u00e9rationnels.<\/p>\t\t\t\t\t\t\t\t<\/div>\n\t\t\t\t<\/div>\n\t\t\t\t<\/div>\n\t\t\t\t<\/div>\n\t\t\t\t\t<\/div>\n\t\t\t\t<\/div>\n\t\t<div class=\"elementor-element elementor-element-4f9cfd9 e-flex e-con-boxed e-con e-parent\" data-id=\"4f9cfd9\" data-element_type=\"container\">\n\t\t\t\t\t<div class=\"e-con-inner\">\n\t\t<div class=\"elementor-element elementor-element-49ab3ac e-con-full e-flex e-con e-child\" data-id=\"49ab3ac\" data-element_type=\"container\">\n\t\t<div class=\"elementor-element elementor-element-716ebee e-con-full e-flex e-con e-child\" data-id=\"716ebee\" data-element_type=\"container\">\n\t\t<div class=\"elementor-element elementor-element-ebbb4da e-con-full e-flex e-con e-child\" data-id=\"ebbb4da\" data-element_type=\"container\">\n\t\t\t\t<div class=\"elementor-element elementor-element-e316bef elementor-widget elementor-widget-heading\" data-id=\"e316bef\" data-element_type=\"widget\" data-widget_type=\"heading.default\">\n\t\t\t\t<div class=\"elementor-widget-container\">\n\t\t\t\t\t<h3 class=\"elementor-heading-title elementor-size-default\">Protection maximale pour les engins tout-terrain lourds <\/h3>\t\t\t\t<\/div>\n\t\t\t\t<\/div>\n\t\t\t\t<div class=\"elementor-element elementor-element-9d123b2 elementor-widget elementor-widget-text-editor\" data-id=\"9d123b2\" data-element_type=\"widget\" data-widget_type=\"text-editor.default\">\n\t\t\t\t<div class=\"elementor-widget-container\">\n\t\t\t\t\t\t\t\t\t<p>Le 11D Super Heavy Duty int\u00e8gre la technologie brevet\u00e9e Poly Pearl\u00ae, <br \/>sp\u00e9cialement d\u00e9velopp\u00e9e pour colmater les perforations importantes, m\u00eame sous de fortes charges. L\u00e0 o\u00f9 les formules classiques atteignent leurs limites, Super Heavy Duty garantit des performances exceptionnelles dans les environnements les plus rudes : mines, carri\u00e8res, chantiers de construction, exploitation foresti\u00e8re \u2026<\/p>\t\t\t\t\t\t\t\t<\/div>\n\t\t\t\t<\/div>\n\t\t\t\t<\/div>\n\t\t<div class=\"elementor-element elementor-element-73af0e1 e-con-full e-flex e-con e-child\" data-id=\"73af0e1\" data-element_type=\"container\">\n\t\t\t\t<div class=\"elementor-element elementor-element-013ec7d elementor-widget elementor-widget-image\" data-id=\"013ec7d\" data-element_type=\"widget\" data-widget_type=\"image.default\">\n\t\t\t\t<div class=\"elementor-widget-container\">\n\t\t\t\t\t\t\t\t\t\t\t\t\t\t\t<img fetchpriority=\"high\" decoding=\"async\" width=\"800\" height=\"534\" src=\"https:\/\/www.11dtyresealant.com\/wp-content\/uploads\/2025\/04\/P9mNTCH-1024x683.jpg\" class=\"attachment-large size-large wp-image-1864\" alt=\"11D Heavy Duty Tyre Sealant bottle for trucks and construction vehicles\" srcset=\"https:\/\/www.11dtyresealant.com\/wp-content\/uploads\/2025\/04\/P9mNTCH-1024x683.jpg 1024w, https:\/\/www.11dtyresealant.com\/wp-content\/uploads\/2025\/04\/P9mNTCH-300x200.jpg 300w, https:\/\/www.11dtyresealant.com\/wp-content\/uploads\/2025\/04\/P9mNTCH-768x512.jpg 768w, https:\/\/www.11dtyresealant.com\/wp-content\/uploads\/2025\/04\/P9mNTCH-1536x1024.jpg 1536w, https:\/\/www.11dtyresealant.com\/wp-content\/uploads\/2025\/04\/P9mNTCH.jpg 1920w\" sizes=\"(max-width: 800px) 100vw, 800px\" \/>\t\t\t\t\t\t\t\t\t\t\t\t\t\t\t<\/div>\n\t\t\t\t<\/div>\n\t\t\t\t<\/div>\n\t\t\t\t<\/div>\n\t\t\t\t<\/div>\n\t\t\t\t\t<\/div>\n\t\t\t\t<\/div>\n\t\t<div class=\"elementor-element elementor-element-5b1f625 e-flex e-con-boxed e-con e-parent\" data-id=\"5b1f625\" data-element_type=\"container\" data-settings=\"{&quot;background_background&quot;:&quot;classic&quot;}\">\n\t\t\t\t\t<div class=\"e-con-inner\">\n\t\t<div class=\"elementor-element elementor-element-b407bf3 e-con-full e-flex e-con e-child\" data-id=\"b407bf3\" data-element_type=\"container\">\n\t\t<div class=\"elementor-element elementor-element-85397f5 e-con-full e-flex e-con e-child\" data-id=\"85397f5\" data-element_type=\"container\">\n\t\t<div class=\"elementor-element elementor-element-a0276bc e-con-full e-flex e-con e-child\" data-id=\"a0276bc\" data-element_type=\"container\">\n\t\t\t\t<div class=\"elementor-element elementor-element-7384c8a elementor-widget elementor-widget-heading\" data-id=\"7384c8a\" data-element_type=\"widget\" data-widget_type=\"heading.default\">\n\t\t\t\t<div class=\"elementor-widget-container\">\n\t\t\t\t\t<h3 class=\"elementor-heading-title elementor-size-default\">Pr\u00e9vention durable des crevaisons<\/h3>\t\t\t\t<\/div>\n\t\t\t\t<\/div>\n\t\t\t\t<div class=\"elementor-element elementor-element-d8a0081 elementor-widget elementor-widget-text-editor\" data-id=\"d8a0081\" data-element_type=\"widget\" data-widget_type=\"text-editor.default\">\n\t\t\t\t<div class=\"elementor-widget-container\">\n\t\t\t\t\t\t\t\t\t<p>Le Super Heavy Duty offre une protection instantan\u00e9e contre les <br \/>crevaisons et reste actif pendant toute la dur\u00e9e de vie du pneu.<\/p>\t\t\t\t\t\t\t\t<\/div>\n\t\t\t\t<\/div>\n\t\t\t\t<\/div>\n\t\t<div class=\"elementor-element elementor-element-5cb01fe e-con-full e-flex e-con e-child\" data-id=\"5cb01fe\" data-element_type=\"container\">\n\t\t\t\t<div class=\"elementor-element elementor-element-6c0427d elementor-widget-divider--view-line elementor-widget elementor-widget-divider\" data-id=\"6c0427d\" data-element_type=\"widget\" data-widget_type=\"divider.default\">\n\t\t\t\t<div class=\"elementor-widget-container\">\n\t\t\t\t\t\t\t<div class=\"elementor-divider\">\n\t\t\t<span class=\"elementor-divider-separator\">\n\t\t\t\t\t\t<\/span>\n\t\t<\/div>\n\t\t\t\t\t\t<\/div>\n\t\t\t\t<\/div>\n\t\t\t\t<\/div>\n\t\t<div class=\"elementor-element elementor-element-d39a83c e-con-full e-flex e-con e-child\" data-id=\"d39a83c\" data-element_type=\"container\">\n\t\t\t\t<div class=\"elementor-element elementor-element-0ff4416 elementor-widget elementor-widget-heading\" data-id=\"0ff4416\" data-element_type=\"widget\" data-widget_type=\"heading.default\">\n\t\t\t\t<div class=\"elementor-widget-container\">\n\t\t\t\t\t<h3 class=\"elementor-heading-title elementor-size-default\">Non dangereux et facile \u00e0 utiliser <\/h3>\t\t\t\t<\/div>\n\t\t\t\t<\/div>\n\t\t\t\t<div class=\"elementor-element elementor-element-5da4190 elementor-widget elementor-widget-text-editor\" data-id=\"5da4190\" data-element_type=\"widget\" data-widget_type=\"text-editor.default\">\n\t\t\t\t<div class=\"elementor-widget-container\">\n\t\t\t\t\t\t\t\t\t<p>Le 11D Super Heavy Duty est non toxique et non inflammable. <br \/>C\u2019est une solution simple et efficace, facile \u00e0 appliquer et \u00e0 retirer. Lors du changement du pneu, Super Heavy Duty peut \u00eatre retir\u00e9 \u00e0 l\u2019eau.<\/p>\t\t\t\t\t\t\t\t<\/div>\n\t\t\t\t<\/div>\n\t\t\t\t<\/div>\n\t\t\t\t<\/div>\n\t\t<div class=\"elementor-element elementor-element-a103573 e-con-full e-flex e-con e-child\" data-id=\"a103573\" data-element_type=\"container\">\n\t\t<div class=\"elementor-element elementor-element-06e4a98 e-con-full e-flex e-con e-child\" data-id=\"06e4a98\" data-element_type=\"container\">\n\t\t\t\t<div class=\"elementor-element elementor-element-777e67a elementor-widget elementor-widget-heading\" data-id=\"777e67a\" data-element_type=\"widget\" data-widget_type=\"heading.default\">\n\t\t\t\t<div class=\"elementor-widget-container\">\n\t\t\t\t\t<h3 class=\"elementor-heading-title elementor-size-default\">Technologie Poly Pearl\u00ae <\/h3>\t\t\t\t<\/div>\n\t\t\t\t<\/div>\n\t\t\t\t<div class=\"elementor-element elementor-element-f0bffb0 elementor-widget elementor-widget-text-editor\" data-id=\"f0bffb0\" data-element_type=\"widget\" data-widget_type=\"text-editor.default\">\n\t\t\t\t<div class=\"elementor-widget-container\">\n\t\t\t\t\t\t\t\t\t<p>Le Super Heavy Duty est \u00e9quip\u00e9 de la technologie Poly Pearl\u00ae, une innovation brevet\u00e9e qui am\u00e9liore l\u2019adh\u00e9rence, l\u2019\u00e9tanch\u00e9it\u00e9 et la durabilit\u00e9 de la protection interne du pneu.<\/p>\t\t\t\t\t\t\t\t<\/div>\n\t\t\t\t<\/div>\n\t\t\t\t<\/div>\n\t\t<div class=\"elementor-element elementor-element-f3f678e e-con-full e-flex e-con e-child\" data-id=\"f3f678e\" data-element_type=\"container\">\n\t\t\t\t<div class=\"elementor-element elementor-element-c20e7b8 elementor-widget-divider--view-line elementor-widget elementor-widget-divider\" data-id=\"c20e7b8\" data-element_type=\"widget\" data-widget_type=\"divider.default\">\n\t\t\t\t<div class=\"elementor-widget-container\">\n\t\t\t\t\t\t\t<div class=\"elementor-divider\">\n\t\t\t<span class=\"elementor-divider-separator\">\n\t\t\t\t\t\t<\/span>\n\t\t<\/div>\n\t\t\t\t\t\t<\/div>\n\t\t\t\t<\/div>\n\t\t\t\t<\/div>\n\t\t<div class=\"elementor-element elementor-element-a499e32 e-con-full e-flex e-con e-child\" data-id=\"a499e32\" data-element_type=\"container\">\n\t\t\t\t<div class=\"elementor-element elementor-element-588a247 elementor-widget elementor-widget-heading\" data-id=\"588a247\" data-element_type=\"widget\" data-widget_type=\"heading.default\">\n\t\t\t\t<div class=\"elementor-widget-container\">\n\t\t\t\t\t<h3 class=\"elementor-heading-title elementor-size-default\">R\u00e9duit les temps d\u2019arr\u00eat co\u00fbteux <\/h3>\t\t\t\t<\/div>\n\t\t\t\t<\/div>\n\t\t\t\t<div class=\"elementor-element elementor-element-a29fd8b elementor-widget elementor-widget-text-editor\" data-id=\"a29fd8b\" data-element_type=\"widget\" data-widget_type=\"text-editor.default\">\n\t\t\t\t<div class=\"elementor-widget-container\">\n\t\t\t\t\t\t\t\t\t<p>Le 11D Heavy Duty transforme chaque pneu en pneu auto-obturant. <br \/>En \u00e9liminant 85 \u00e0 95 % des crevaisons sur la bande de roulement, il augmente consid\u00e9rablement les performances des engins, contribue \u00e0 r\u00e9duire les co\u00fbts d\u2019exploitation et am\u00e9liore la s\u00e9curit\u00e9.<\/p>\t\t\t\t\t\t\t\t<\/div>\n\t\t\t\t<\/div>\n\t\t\t\t<\/div>\n\t\t\t\t<\/div>\n\t\t\t\t<\/div>\n\t\t\t\t\t<\/div>\n\t\t\t\t<\/div>\n\t\t<div class=\"elementor-element elementor-element-33028a6 e-flex e-con-boxed e-con e-parent\" data-id=\"33028a6\" data-element_type=\"container\">\n\t\t\t\t\t<div class=\"e-con-inner\">\n\t\t\t\t\t<\/div>\n\t\t\t\t<\/div>\n\t\t<div class=\"elementor-element elementor-element-fd03879 e-flex e-con-boxed e-con e-parent\" data-id=\"fd03879\" data-element_type=\"container\" data-settings=\"{&quot;background_background&quot;:&quot;classic&quot;}\">\n\t\t\t\t\t<div class=\"e-con-inner\">\n\t\t<div class=\"elementor-element elementor-element-c7556cd e-con-full e-flex e-con e-child\" data-id=\"c7556cd\" data-element_type=\"container\">\n\t\t<div class=\"elementor-element elementor-element-3483781 e-con-full e-flex e-con e-child\" data-id=\"3483781\" data-element_type=\"container\">\n\t\t\t\t<div class=\"elementor-element elementor-element-c11fa86 elementor-widget elementor-widget-heading\" data-id=\"c11fa86\" data-element_type=\"widget\" data-widget_type=\"heading.default\">\n\t\t\t\t<div class=\"elementor-widget-container\">\n\t\t\t\t\t<h2 class=\"elementor-heading-title elementor-size-default\">Sp\u00e9cifications du 11D Super Heavy Duty<\/h2>\t\t\t\t<\/div>\n\t\t\t\t<\/div>\n\t\t\t\t<\/div>\n\t\t<div class=\"elementor-element elementor-element-7139b50 e-con-full e-flex e-con e-child\" data-id=\"7139b50\" data-element_type=\"container\">\n\t\t<div class=\"elementor-element elementor-element-4786f1e e-con-full e-flex e-con e-child\" data-id=\"4786f1e\" data-element_type=\"container\">\n\t\t<div class=\"elementor-element elementor-element-7504008 e-con-full e-flex e-con e-child\" data-id=\"7504008\" data-element_type=\"container\">\n\t\t\t\t<div class=\"elementor-element elementor-element-714e8e8 elementor-widget elementor-widget-heading\" data-id=\"714e8e8\" data-element_type=\"widget\" data-widget_type=\"heading.default\">\n\t\t\t\t<div class=\"elementor-widget-container\">\n\t\t\t\t\t<h2 class=\"elementor-heading-title elementor-size-default\">Application<\/h2>\t\t\t\t<\/div>\n\t\t\t\t<\/div>\n\t\t\t\t<div class=\"elementor-element elementor-element-01e3aa0 elementor-widget elementor-widget-text-editor\" data-id=\"01e3aa0\" data-element_type=\"widget\" data-widget_type=\"text-editor.default\">\n\t\t\t\t<div class=\"elementor-widget-container\">\n\t\t\t\t\t\t\t\t\t<p>Grues<br>Exploitation mini\u00e8re<br>Foresterie lourde<br>Transport lourd<br>Construction lourde<\/p>\t\t\t\t\t\t\t\t<\/div>\n\t\t\t\t<\/div>\n\t\t\t\t<\/div>\n\t\t<div class=\"elementor-element elementor-element-ba1f1f9 e-con-full e-flex e-con e-child\" data-id=\"ba1f1f9\" data-element_type=\"container\">\n\t\t\t\t<div class=\"elementor-element elementor-element-0385fd7 elementor-widget elementor-widget-heading\" data-id=\"0385fd7\" data-element_type=\"widget\" data-widget_type=\"heading.default\">\n\t\t\t\t<div class=\"elementor-widget-container\">\n\t\t\t\t\t<h2 class=\"elementor-heading-title elementor-size-default\">Quantit\u00e9s<\/h2>\t\t\t\t<\/div>\n\t\t\t\t<\/div>\n\t\t\t\t<div class=\"elementor-element elementor-element-473e9df elementor-widget elementor-widget-text-editor\" data-id=\"473e9df\" data-element_type=\"widget\" data-widget_type=\"text-editor.default\">\n\t\t\t\t<div class=\"elementor-widget-container\">\n\t\t\t\t\t\t\t\t\t<p>F\u00fbt de 20 L<br>F\u00fbt de 25 L<br>R\u00e9servoir de 800 L<br>R\u00e9servoir de 1 000 L<\/p>\t\t\t\t\t\t\t\t<\/div>\n\t\t\t\t<\/div>\n\t\t\t\t<\/div>\n\t\t\t\t<\/div>\n\t\t\t\t<div class=\"elementor-element elementor-element-280865b elementor-widget elementor-widget-text-editor\" data-id=\"280865b\" data-element_type=\"widget\" data-widget_type=\"text-editor.default\">\n\t\t\t\t<div class=\"elementor-widget-container\">\n\t\t\t\t\t\t\t\t\t<p>Ne laissez pas les terrains difficiles ou les conditions extr\u00eames ralentir votre travail, essayez <br \/>Super Heavy Duty<\/p>\t\t\t\t\t\t\t\t<\/div>\n\t\t\t\t<\/div>\n\t\t<div class=\"elementor-element elementor-element-b4bb17e e-con-full e-flex e-con e-child\" data-id=\"b4bb17e\" data-element_type=\"container\">\n\t\t\t\t<div class=\"elementor-element elementor-element-5d6a1b5 elementor-widget elementor-widget-button\" data-id=\"5d6a1b5\" data-element_type=\"widget\" data-widget_type=\"button.default\">\n\t\t\t\t<div class=\"elementor-widget-container\">\n\t\t\t\t\t\t\t\t\t<div class=\"elementor-button-wrapper\">\n\t\t\t\t\t<a class=\"elementor-button elementor-button-link elementor-size-sm\" href=\"https:\/\/www.11dtyresealant.com\/user-stories\/\">\n\t\t\t\t\t\t<span class=\"elementor-button-content-wrapper\">\n\t\t\t\t\t\t\t\t\t<span class=\"elementor-button-text\">T\u00e9moignages d'utilisateurs<\/span>\n\t\t\t\t\t<\/span>\n\t\t\t\t\t<\/a>\n\t\t\t\t<\/div>\n\t\t\t\t\t\t\t\t<\/div>\n\t\t\t\t<\/div>\n\t\t\t\t<div class=\"elementor-element elementor-element-fd61d62 elementor-widget elementor-widget-button\" data-id=\"fd61d62\" data-element_type=\"widget\" data-widget_type=\"button.default\">\n\t\t\t\t<div class=\"elementor-widget-container\">\n\t\t\t\t\t\t\t\t\t<div class=\"elementor-button-wrapper\">\n\t\t\t\t\t<a class=\"elementor-button elementor-button-link elementor-size-sm\" href=\"https:\/\/www.11dtyresealant.com\/contact\/\">\n\t\t\t\t\t\t<span class=\"elementor-button-content-wrapper\">\n\t\t\t\t\t\t\t\t\t<span class=\"elementor-button-text\">Contact<\/span>\n\t\t\t\t\t<\/span>\n\t\t\t\t\t<\/a>\n\t\t\t\t<\/div>\n\t\t\t\t\t\t\t\t<\/div>\n\t\t\t\t<\/div>\n\t\t\t\t<\/div>\n\t\t\t\t<\/div>\n\t\t\t\t<\/div>\n\t\t\t\t\t<\/div>\n\t\t\t\t<\/div>\n\t\t\t\t<\/div>\n\t\t","protected":false},"excerpt":{"rendered":"<p>Le 11D Super Heavy Duty a \u00e9t\u00e9 sp\u00e9cialement con\u00e7u pour les activit\u00e9s hors route, les plus exigeantes. Avec la technologie brevet\u00e9 Poly Pearl\u00ae, il offre un pouvoir d\u2019\u00e9tanch\u00e9it\u00e9 in\u00e9gal\u00e9e, capable de colmater m\u00eame les plus grandes perforations. Gr\u00e2ce \u00e0 lui, vos engins restent op\u00e9rationnels. Protection maximale pour les engins tout-terrain lourds Le 11D Super Heavy [&hellip;]<\/p>\n","protected":false},"author":1,"featured_media":0,"parent":1889,"menu_order":0,"comment_status":"closed","ping_status":"closed","template":"","meta":{"_acf_changed":false,"footnotes":""},"class_list":["post-1882","page","type-page","status-publish","hentry"],"acf":[],"yoast_head":"<!-- This site is optimized with the Yoast SEO plugin v25.5 - https:\/\/yoast.com\/wordpress\/plugins\/seo\/ -->\n<title>Super heavy duty - 11d<\/title>\n<meta name=\"robots\" content=\"index, follow, max-snippet:-1, max-image-preview:large, max-video-preview:-1\" \/>\n<link rel=\"canonical\" href=\"https:\/\/www.11dtyresealant.com\/fr\/product-range\/super-heavy-duty\/\" \/>\n<meta property=\"og:locale\" content=\"fr_FR\" \/>\n<meta property=\"og:type\" content=\"article\" \/>\n<meta property=\"og:title\" content=\"Super heavy duty - 11d\" \/>\n<meta property=\"og:description\" content=\"Le 11D Super Heavy Duty a \u00e9t\u00e9 sp\u00e9cialement con\u00e7u pour les activit\u00e9s hors route, les plus exigeantes. Avec la technologie brevet\u00e9 Poly Pearl\u00ae, il offre un pouvoir d\u2019\u00e9tanch\u00e9it\u00e9 in\u00e9gal\u00e9e, capable de colmater m\u00eame les plus grandes perforations. Gr\u00e2ce \u00e0 lui, vos engins restent op\u00e9rationnels. Protection maximale pour les engins tout-terrain lourds Le 11D Super Heavy [&hellip;]\" \/>\n<meta property=\"og:url\" content=\"https:\/\/www.11dtyresealant.com\/fr\/product-range\/super-heavy-duty\/\" \/>\n<meta property=\"og:site_name\" content=\"11d\" \/>\n<meta property=\"article:publisher\" content=\"https:\/\/www.facebook.com\/11Dinternational\/\" \/>\n<meta property=\"article:modified_time\" content=\"2025-11-08T20:03:05+00:00\" \/>\n<meta property=\"og:image\" content=\"https:\/\/www.11dtyresealant.com\/wp-content\/uploads\/2025\/04\/P9mNTCH.jpg\" \/>\n\t<meta property=\"og:image:width\" content=\"1920\" \/>\n\t<meta property=\"og:image:height\" content=\"1280\" \/>\n\t<meta property=\"og:image:type\" content=\"image\/jpeg\" \/>\n<meta name=\"twitter:card\" content=\"summary_large_image\" \/>\n<meta name=\"twitter:label1\" content=\"Dur\u00e9e de lecture estim\u00e9e\" \/>\n\t<meta name=\"twitter:data1\" content=\"2 minutes\" \/>\n<!-- \/ Yoast SEO plugin. -->","yoast_head_json":{"title":"Super heavy duty - 11d","robots":{"index":"index","follow":"follow","max-snippet":"max-snippet:-1","max-image-preview":"max-image-preview:large","max-video-preview":"max-video-preview:-1"},"canonical":"https:\/\/www.11dtyresealant.com\/fr\/product-range\/super-heavy-duty\/","og_locale":"fr_FR","og_type":"article","og_title":"Super heavy duty - 11d","og_description":"Le 11D Super Heavy Duty a \u00e9t\u00e9 sp\u00e9cialement con\u00e7u pour les activit\u00e9s hors route, les plus exigeantes. Avec la technologie brevet\u00e9 Poly Pearl\u00ae, il offre un pouvoir d\u2019\u00e9tanch\u00e9it\u00e9 in\u00e9gal\u00e9e, capable de colmater m\u00eame les plus grandes perforations. Gr\u00e2ce \u00e0 lui, vos engins restent op\u00e9rationnels. Protection maximale pour les engins tout-terrain lourds Le 11D Super Heavy [&hellip;]","og_url":"https:\/\/www.11dtyresealant.com\/fr\/product-range\/super-heavy-duty\/","og_site_name":"11d","article_publisher":"https:\/\/www.facebook.com\/11Dinternational\/","article_modified_time":"2025-11-08T20:03:05+00:00","og_image":[{"width":1920,"height":1280,"url":"https:\/\/www.11dtyresealant.com\/wp-content\/uploads\/2025\/04\/P9mNTCH.jpg","type":"image\/jpeg"}],"twitter_card":"summary_large_image","twitter_misc":{"Dur\u00e9e de lecture estim\u00e9e":"2 minutes"},"schema":{"@context":"https:\/\/schema.org","@graph":[{"@type":"WebPage","@id":"https:\/\/www.11dtyresealant.com\/fr\/product-range\/super-heavy-duty\/","url":"https:\/\/www.11dtyresealant.com\/fr\/product-range\/super-heavy-duty\/","name":"Super heavy duty - 11d","isPartOf":{"@id":"https:\/\/www.11dtyresealant.com\/fr\/#website"},"primaryImageOfPage":{"@id":"https:\/\/www.11dtyresealant.com\/fr\/product-range\/super-heavy-duty\/#primaryimage"},"image":{"@id":"https:\/\/www.11dtyresealant.com\/fr\/product-range\/super-heavy-duty\/#primaryimage"},"thumbnailUrl":"https:\/\/www.11dtyresealant.com\/wp-content\/uploads\/2025\/04\/P9mNTCH-1024x683.jpg","datePublished":"2025-04-08T13:02:46+00:00","dateModified":"2025-11-08T20:03:05+00:00","breadcrumb":{"@id":"https:\/\/www.11dtyresealant.com\/fr\/product-range\/super-heavy-duty\/#breadcrumb"},"inLanguage":"fr-FR","potentialAction":[{"@type":"ReadAction","target":["https:\/\/www.11dtyresealant.com\/fr\/product-range\/super-heavy-duty\/"]}]},{"@type":"ImageObject","inLanguage":"fr-FR","@id":"https:\/\/www.11dtyresealant.com\/fr\/product-range\/super-heavy-duty\/#primaryimage","url":"https:\/\/www.11dtyresealant.com\/wp-content\/uploads\/2025\/04\/P9mNTCH-1024x683.jpg","contentUrl":"https:\/\/www.11dtyresealant.com\/wp-content\/uploads\/2025\/04\/P9mNTCH-1024x683.jpg"},{"@type":"BreadcrumbList","@id":"https:\/\/www.11dtyresealant.com\/fr\/product-range\/super-heavy-duty\/#breadcrumb","itemListElement":[{"@type":"ListItem","position":1,"name":"Home","item":"https:\/\/www.11dtyresealant.com\/fr\/"},{"@type":"ListItem","position":2,"name":"Gamme de produits","item":"https:\/\/www.11dtyresealant.com\/fr\/product-range\/"},{"@type":"ListItem","position":3,"name":"Super heavy duty"}]},{"@type":"WebSite","@id":"https:\/\/www.11dtyresealant.com\/fr\/#website","url":"https:\/\/www.11dtyresealant.com\/fr\/","name":"11d","description":"","publisher":{"@id":"https:\/\/www.11dtyresealant.com\/fr\/#organization"},"potentialAction":[{"@type":"SearchAction","target":{"@type":"EntryPoint","urlTemplate":"https:\/\/www.11dtyresealant.com\/fr\/?s={search_term_string}"},"query-input":{"@type":"PropertyValueSpecification","valueRequired":true,"valueName":"search_term_string"}}],"inLanguage":"fr-FR"},{"@type":"Organization","@id":"https:\/\/www.11dtyresealant.com\/fr\/#organization","name":"11D Tyre Sealant","alternateName":"Okoned","url":"https:\/\/www.11dtyresealant.com\/fr\/","logo":{"@type":"ImageObject","inLanguage":"fr-FR","@id":"https:\/\/www.11dtyresealant.com\/fr\/#\/schema\/logo\/image\/","url":"https:\/\/www.11dtyresealant.com\/wp-content\/uploads\/2025\/10\/images.png","contentUrl":"https:\/\/www.11dtyresealant.com\/wp-content\/uploads\/2025\/10\/images.png","width":225,"height":225,"caption":"11D Tyre Sealant"},"image":{"@id":"https:\/\/www.11dtyresealant.com\/fr\/#\/schema\/logo\/image\/"},"sameAs":["https:\/\/www.facebook.com\/11Dinternational\/"]}]}},"_links":{"self":[{"href":"https:\/\/www.11dtyresealant.com\/fr\/wp-json\/wp\/v2\/pages\/1882","targetHints":{"allow":["GET"]}}],"collection":[{"href":"https:\/\/www.11dtyresealant.com\/fr\/wp-json\/wp\/v2\/pages"}],"about":[{"href":"https:\/\/www.11dtyresealant.com\/fr\/wp-json\/wp\/v2\/types\/page"}],"author":[{"embeddable":true,"href":"https:\/\/www.11dtyresealant.com\/fr\/wp-json\/wp\/v2\/users\/1"}],"replies":[{"embeddable":true,"href":"https:\/\/www.11dtyresealant.com\/fr\/wp-json\/wp\/v2\/comments?post=1882"}],"version-history":[{"count":4,"href":"https:\/\/www.11dtyresealant.com\/fr\/wp-json\/wp\/v2\/pages\/1882\/revisions"}],"predecessor-version":[{"id":2602,"href":"https:\/\/www.11dtyresealant.com\/fr\/wp-json\/wp\/v2\/pages\/1882\/revisions\/2602"}],"up":[{"embeddable":true,"href":"https:\/\/www.11dtyresealant.com\/fr\/wp-json\/wp\/v2\/pages\/1889"}],"wp:attachment":[{"href":"https:\/\/www.11dtyresealant.com\/fr\/wp-json\/wp\/v2\/media?parent=1882"}],"curies":[{"name":"wp","href":"https:\/\/api.w.org\/{rel}","templated":true}]}}