{"id":1884,"date":"2025-04-08T13:03:04","date_gmt":"2025-04-08T13:03:04","guid":{"rendered":"https:\/\/www.11dtyresealant.com\/protector\/"},"modified":"2025-11-08T20:08:12","modified_gmt":"2025-11-08T20:08:12","slug":"protector","status":"publish","type":"page","link":"https:\/\/www.11dtyresealant.com\/fr\/product-range\/protector\/","title":{"rendered":"Protector"},"content":{"rendered":"\t\t<div data-elementor-type=\"wp-page\" data-elementor-id=\"1884\" class=\"elementor elementor-1884 elementor-368\" data-elementor-post-type=\"page\">\n\t\t\t\t<div class=\"elementor-element elementor-element-b822a7d e-flex e-con-boxed e-con e-parent\" data-id=\"b822a7d\" data-element_type=\"container\" data-settings=\"{&quot;background_background&quot;:&quot;classic&quot;}\">\n\t\t\t\t\t<div class=\"e-con-inner\">\n\t\t<div class=\"elementor-element elementor-element-263cec5 e-con-full e-flex e-con e-child\" data-id=\"263cec5\" data-element_type=\"container\">\n\t\t<div class=\"elementor-element elementor-element-94e5c9c e-con-full e-flex e-con e-child\" data-id=\"94e5c9c\" data-element_type=\"container\" data-settings=\"{&quot;background_background&quot;:&quot;classic&quot;}\">\n\t\t\t\t<div class=\"elementor-element elementor-element-62b1834 elementor-widget elementor-widget-text-editor\" data-id=\"62b1834\" data-element_type=\"widget\" data-widget_type=\"text-editor.default\">\n\t\t\t\t<div class=\"elementor-widget-container\">\n\t\t\t\t\t\t\t\t\t<p>Le 11D Protector est notre formule la plus robuste, d\u00e9velopp\u00e9e pour les applications militaires et les conditions extr\u00eames. Actuellement utilis\u00e9 dans le cadre des missions de l\u2019OTAN, il offre une protection durable et renforc\u00e9e l\u00e0 o\u00f9 les produits standards atteignent leurs limites. Avec 11D Protector, vous b\u00e9n\u00e9ficiez d\u2019une continuit\u00e9 <br \/>op\u00e9rationnelle et d\u2019une s\u00e9curit\u00e9 renforc\u00e9e dans les environnements les <br \/>plus sensibles.<\/p>\t\t\t\t\t\t\t\t<\/div>\n\t\t\t\t<\/div>\n\t\t\t\t<\/div>\n\t\t\t\t<\/div>\n\t\t\t\t\t<\/div>\n\t\t\t\t<\/div>\n\t\t<div class=\"elementor-element elementor-element-db7a47e e-flex e-con-boxed e-con e-parent\" data-id=\"db7a47e\" data-element_type=\"container\">\n\t\t\t\t\t<div class=\"e-con-inner\">\n\t\t<div class=\"elementor-element elementor-element-8f73923 e-con-full e-flex e-con e-child\" data-id=\"8f73923\" data-element_type=\"container\">\n\t\t<div class=\"elementor-element elementor-element-c695bf2 e-con-full e-flex e-con e-child\" data-id=\"c695bf2\" data-element_type=\"container\">\n\t\t<div class=\"elementor-element elementor-element-5f82cc2 e-con-full e-flex e-con e-child\" data-id=\"5f82cc2\" data-element_type=\"container\">\n\t\t\t\t<div class=\"elementor-element elementor-element-b6f9065 elementor-widget elementor-widget-heading\" data-id=\"b6f9065\" data-element_type=\"widget\" data-widget_type=\"heading.default\">\n\t\t\t\t<div class=\"elementor-widget-container\">\n\t\t\t\t\t<h3 class=\"elementor-heading-title elementor-size-default\">Pr\u00e9ventif anticrevaison de qualit\u00e9 militaire,  \ntest\u00e9 dans les conditions les plus dangereuses <\/h3>\t\t\t\t<\/div>\n\t\t\t\t<\/div>\n\t\t\t\t<div class=\"elementor-element elementor-element-8c685ac elementor-widget elementor-widget-text-editor\" data-id=\"8c685ac\" data-element_type=\"widget\" data-widget_type=\"text-editor.default\">\n\t\t\t\t<div class=\"elementor-widget-container\">\n\t\t\t\t\t\t\t\t\t<p>Le Protector a \u00e9t\u00e9 con\u00e7u pour les missions o\u00f9 l\u2019immobilisation n\u2019est pas une option. D\u00e9j\u00e0 utilis\u00e9 dans le cadre d\u2019op\u00e9rations de l\u2019OTAN, il repr\u00e9sente le plus haut niveau de protection au sein de la gamme 11D. Il colmate instantan\u00e9ment les perforations de grande taille et conserve son efficacit\u00e9 m\u00eame sous fortes contraintes : chaleur, chocs et terrains rudes, qu\u2019ils soient poussi\u00e9reux, boueux ou coupants. <br \/>Il permet ainsi aux pneus de rester op\u00e9rationnels dans toutes les <br \/>conditions.<\/p><p>Pour les utilisateurs qui exigent une fiabilit\u00e9 absolue, Protector offre <br \/>des performances in\u00e9gal\u00e9es pour les engins de combat, les v\u00e9hicules <br \/>tactiques, v\u00e9hicules blind\u00e9s ou engins tout-terrain lourds. Avec Protector, vous r\u00e9duisez les interventions de maintenance, <br \/>augmentez la disponibilit\u00e9 op\u00e9rationnelle et assurez la s\u00e9curit\u00e9 m\u00eame dans les conditions les plus extr\u00eames. Si vous travaillez dans la d\u00e9fense, dans des zones isol\u00e9es ou des environnements \u00e0 risque, le 11D Protector est votre meilleur bouclier <br \/>anticrevaison.<\/p>\t\t\t\t\t\t\t\t<\/div>\n\t\t\t\t<\/div>\n\t\t\t\t<\/div>\n\t\t<div class=\"elementor-element elementor-element-50b968d e-con-full e-flex e-con e-child\" data-id=\"50b968d\" data-element_type=\"container\">\n\t\t\t\t<div class=\"elementor-element elementor-element-bfb0a4c elementor-widget elementor-widget-image\" data-id=\"bfb0a4c\" data-element_type=\"widget\" data-widget_type=\"image.default\">\n\t\t\t\t<div class=\"elementor-widget-container\">\n\t\t\t\t\t\t\t\t\t\t\t\t\t\t\t<img fetchpriority=\"high\" decoding=\"async\" width=\"800\" height=\"534\" src=\"https:\/\/www.11dtyresealant.com\/wp-content\/uploads\/2025\/04\/P9mNTCH-1024x683.jpg\" class=\"attachment-large size-large wp-image-1864\" alt=\"11D Heavy Duty Tyre Sealant bottle for trucks and construction vehicles\" srcset=\"https:\/\/www.11dtyresealant.com\/wp-content\/uploads\/2025\/04\/P9mNTCH-1024x683.jpg 1024w, https:\/\/www.11dtyresealant.com\/wp-content\/uploads\/2025\/04\/P9mNTCH-300x200.jpg 300w, https:\/\/www.11dtyresealant.com\/wp-content\/uploads\/2025\/04\/P9mNTCH-768x512.jpg 768w, https:\/\/www.11dtyresealant.com\/wp-content\/uploads\/2025\/04\/P9mNTCH-1536x1024.jpg 1536w, https:\/\/www.11dtyresealant.com\/wp-content\/uploads\/2025\/04\/P9mNTCH.jpg 1920w\" sizes=\"(max-width: 800px) 100vw, 800px\" \/>\t\t\t\t\t\t\t\t\t\t\t\t\t\t\t<\/div>\n\t\t\t\t<\/div>\n\t\t\t\t<\/div>\n\t\t\t\t<\/div>\n\t\t\t\t<\/div>\n\t\t\t\t\t<\/div>\n\t\t\t\t<\/div>\n\t\t<div class=\"elementor-element elementor-element-9496474 e-flex e-con-boxed e-con e-parent\" data-id=\"9496474\" data-element_type=\"container\" data-settings=\"{&quot;background_background&quot;:&quot;classic&quot;}\">\n\t\t\t\t\t<div class=\"e-con-inner\">\n\t\t<div class=\"elementor-element elementor-element-7cbff6c e-con-full e-flex e-con e-child\" data-id=\"7cbff6c\" data-element_type=\"container\">\n\t\t<div class=\"elementor-element elementor-element-4ce181c e-con-full e-flex e-con e-child\" data-id=\"4ce181c\" data-element_type=\"container\">\n\t\t<div class=\"elementor-element elementor-element-33543f5 e-con-full e-flex e-con e-child\" data-id=\"33543f5\" data-element_type=\"container\">\n\t\t\t\t<div class=\"elementor-element elementor-element-8bc02de elementor-widget elementor-widget-heading\" data-id=\"8bc02de\" data-element_type=\"widget\" data-widget_type=\"heading.default\">\n\t\t\t\t<div class=\"elementor-widget-container\">\n\t\t\t\t\t<h3 class=\"elementor-heading-title elementor-size-default\">Quand l\u2019immobilisation repr\u00e9sente un danger<\/h3>\t\t\t\t<\/div>\n\t\t\t\t<\/div>\n\t\t\t\t<div class=\"elementor-element elementor-element-57559dd elementor-widget elementor-widget-text-editor\" data-id=\"57559dd\" data-element_type=\"widget\" data-widget_type=\"text-editor.default\">\n\t\t\t\t<div class=\"elementor-widget-container\">\n\t\t\t\t\t\t\t\t\t<p>Dans un contexte militaire, l\u2019arr\u00eat d\u2019un v\u00e9hicule ne se traduit pas <br \/>seulement par une perte d\u2019efficacit\u00e9, mais peut aussi mettre des vies <br \/>en danger, Le 11D Protector permet \u00e0 vos engins de rester mobiles et <br \/>fonctionnels.<\/p>\t\t\t\t\t\t\t\t<\/div>\n\t\t\t\t<\/div>\n\t\t\t\t<\/div>\n\t\t<div class=\"elementor-element elementor-element-ef4ec86 e-con-full e-flex e-con e-child\" data-id=\"ef4ec86\" data-element_type=\"container\">\n\t\t\t\t<div class=\"elementor-element elementor-element-b13fb61 elementor-widget-divider--view-line elementor-widget elementor-widget-divider\" data-id=\"b13fb61\" data-element_type=\"widget\" data-widget_type=\"divider.default\">\n\t\t\t\t<div class=\"elementor-widget-container\">\n\t\t\t\t\t\t\t<div class=\"elementor-divider\">\n\t\t\t<span class=\"elementor-divider-separator\">\n\t\t\t\t\t\t<\/span>\n\t\t<\/div>\n\t\t\t\t\t\t<\/div>\n\t\t\t\t<\/div>\n\t\t\t\t<\/div>\n\t\t<div class=\"elementor-element elementor-element-653f967 e-con-full e-flex e-con e-child\" data-id=\"653f967\" data-element_type=\"container\">\n\t\t\t\t<div class=\"elementor-element elementor-element-7fa4df5 elementor-widget elementor-widget-heading\" data-id=\"7fa4df5\" data-element_type=\"widget\" data-widget_type=\"heading.default\">\n\t\t\t\t<div class=\"elementor-widget-container\">\n\t\t\t\t\t<h3 class=\"elementor-heading-title elementor-size-default\">Performances maximales et application simple  <\/h3>\t\t\t\t<\/div>\n\t\t\t\t<\/div>\n\t\t\t\t<div class=\"elementor-element elementor-element-bb6c114 elementor-widget elementor-widget-text-editor\" data-id=\"bb6c114\" data-element_type=\"widget\" data-widget_type=\"text-editor.default\">\n\t\t\t\t<div class=\"elementor-widget-container\">\n\t\t\t\t\t\t\t\t\t<p>Il offre une protection fiable du froid extr\u00eame \u00e0 la chaleur intense, assurant une op\u00e9rationnalit\u00e9 renforc\u00e9e, l\u00e0 o\u00f9 elle est la plus <br \/>n\u00e9cessaire. Facile \u00e0 appliquer (et \u00e0 retirer), le Protector peut \u00eatre livr\u00e9 avec des \u00e9tiquettes personnalis\u00e9es pour une installation s\u00fbre et claire.<\/p>\t\t\t\t\t\t\t\t<\/div>\n\t\t\t\t<\/div>\n\t\t\t\t<\/div>\n\t\t\t\t<\/div>\n\t\t<div class=\"elementor-element elementor-element-bb74b86 e-con-full e-flex e-con e-child\" data-id=\"bb74b86\" data-element_type=\"container\">\n\t\t<div class=\"elementor-element elementor-element-97d2ea3 e-con-full e-flex e-con e-child\" data-id=\"97d2ea3\" data-element_type=\"container\">\n\t\t\t\t<div class=\"elementor-element elementor-element-46bf76b elementor-widget elementor-widget-heading\" data-id=\"46bf76b\" data-element_type=\"widget\" data-widget_type=\"heading.default\">\n\t\t\t\t<div class=\"elementor-widget-container\">\n\t\t\t\t\t<h3 class=\"elementor-heading-title elementor-size-default\">Applications  <\/h3>\t\t\t\t<\/div>\n\t\t\t\t<\/div>\n\t\t\t\t<div class=\"elementor-element elementor-element-21ff266 elementor-widget elementor-widget-text-editor\" data-id=\"21ff266\" data-element_type=\"widget\" data-widget_type=\"text-editor.default\">\n\t\t\t\t<div class=\"elementor-widget-container\">\n\t\t\t\t\t\t\t\t\t<p>Le 11D Protector est formul\u00e9 sur mesure pour r\u00e9pondre aux besoins de performances des engins de combat, v\u00e9hicules tactiques, v\u00e9hicules <br \/>blind\u00e9s ou engins tout-terrain lourds.<\/p>\t\t\t\t\t\t\t\t<\/div>\n\t\t\t\t<\/div>\n\t\t\t\t<\/div>\n\t\t<div class=\"elementor-element elementor-element-9c7ddff e-con-full e-flex e-con e-child\" data-id=\"9c7ddff\" data-element_type=\"container\">\n\t\t\t\t<div class=\"elementor-element elementor-element-09b7696 elementor-widget-divider--view-line elementor-widget elementor-widget-divider\" data-id=\"09b7696\" data-element_type=\"widget\" data-widget_type=\"divider.default\">\n\t\t\t\t<div class=\"elementor-widget-container\">\n\t\t\t\t\t\t\t<div class=\"elementor-divider\">\n\t\t\t<span class=\"elementor-divider-separator\">\n\t\t\t\t\t\t<\/span>\n\t\t<\/div>\n\t\t\t\t\t\t<\/div>\n\t\t\t\t<\/div>\n\t\t\t\t<\/div>\n\t\t<div class=\"elementor-element elementor-element-57e4fd8 e-con-full e-flex e-con e-child\" data-id=\"57e4fd8\" data-element_type=\"container\">\n\t\t\t\t<div class=\"elementor-element elementor-element-995bdf8 elementor-widget elementor-widget-heading\" data-id=\"995bdf8\" data-element_type=\"widget\" data-widget_type=\"heading.default\">\n\t\t\t\t<div class=\"elementor-widget-container\">\n\t\t\t\t\t<h3 class=\"elementor-heading-title elementor-size-default\">Non toxique et non inflammable <\/h3>\t\t\t\t<\/div>\n\t\t\t\t<\/div>\n\t\t\t\t<div class=\"elementor-element elementor-element-293cc7c elementor-widget elementor-widget-text-editor\" data-id=\"293cc7c\" data-element_type=\"widget\" data-widget_type=\"text-editor.default\">\n\t\t\t\t<div class=\"elementor-widget-container\">\n\t\t\t\t\t\t\t\t\t<p>Le 11D Protector est un produit non toxique et non inflammable, qui peut \u00eatre appliqu\u00e9 et utilis\u00e9 en toute s\u00e9curit\u00e9. Le 11D Protector est class\u00e9 comme fret a\u00e9rien non dangereux et peut \u00eatre transport\u00e9 en <br \/>toute s\u00e9curit\u00e9.<\/p>\t\t\t\t\t\t\t\t<\/div>\n\t\t\t\t<\/div>\n\t\t\t\t<\/div>\n\t\t\t\t<\/div>\n\t\t\t\t<\/div>\n\t\t\t\t\t<\/div>\n\t\t\t\t<\/div>\n\t\t<div class=\"elementor-element elementor-element-5162ccd e-flex e-con-boxed e-con e-parent\" data-id=\"5162ccd\" data-element_type=\"container\">\n\t\t\t\t\t<div class=\"e-con-inner\">\n\t\t\t\t\t<\/div>\n\t\t\t\t<\/div>\n\t\t<div class=\"elementor-element elementor-element-9df6036 e-flex e-con-boxed e-con e-parent\" data-id=\"9df6036\" data-element_type=\"container\" data-settings=\"{&quot;background_background&quot;:&quot;classic&quot;}\">\n\t\t\t\t\t<div class=\"e-con-inner\">\n\t\t<div class=\"elementor-element elementor-element-ce621af e-con-full e-flex e-con e-child\" data-id=\"ce621af\" data-element_type=\"container\">\n\t\t<div class=\"elementor-element elementor-element-24173ee e-con-full e-flex e-con e-child\" data-id=\"24173ee\" data-element_type=\"container\">\n\t\t\t\t<div class=\"elementor-element elementor-element-1cf06fe elementor-widget elementor-widget-heading\" data-id=\"1cf06fe\" data-element_type=\"widget\" data-widget_type=\"heading.default\">\n\t\t\t\t<div class=\"elementor-widget-container\">\n\t\t\t\t\t<h2 class=\"elementor-heading-title elementor-size-default\">Sp\u00e9cifications du protecteur 11D<\/h2>\t\t\t\t<\/div>\n\t\t\t\t<\/div>\n\t\t\t\t<\/div>\n\t\t<div class=\"elementor-element elementor-element-8fbded6 e-con-full e-flex e-con e-child\" data-id=\"8fbded6\" data-element_type=\"container\">\n\t\t<div class=\"elementor-element elementor-element-7b1c29d e-con-full e-flex e-con e-child\" data-id=\"7b1c29d\" data-element_type=\"container\">\n\t\t<div class=\"elementor-element elementor-element-7768c50 e-con-full e-flex e-con e-child\" data-id=\"7768c50\" data-element_type=\"container\">\n\t\t\t\t<div class=\"elementor-element elementor-element-a748975 elementor-widget elementor-widget-heading\" data-id=\"a748975\" data-element_type=\"widget\" data-widget_type=\"heading.default\">\n\t\t\t\t<div class=\"elementor-widget-container\">\n\t\t\t\t\t<h2 class=\"elementor-heading-title elementor-size-default\">Application<\/h2>\t\t\t\t<\/div>\n\t\t\t\t<\/div>\n\t\t\t\t<div class=\"elementor-element elementor-element-bd4bf4d elementor-widget elementor-widget-text-editor\" data-id=\"bd4bf4d\" data-element_type=\"widget\" data-widget_type=\"text-editor.default\">\n\t\t\t\t<div class=\"elementor-widget-container\">\n\t\t\t\t\t\t\t\t\t<p>Military<\/p>\t\t\t\t\t\t\t\t<\/div>\n\t\t\t\t<\/div>\n\t\t\t\t<\/div>\n\t\t<div class=\"elementor-element elementor-element-c5d80bb e-con-full e-flex e-con e-child\" data-id=\"c5d80bb\" data-element_type=\"container\">\n\t\t\t\t<div class=\"elementor-element elementor-element-24cfeeb elementor-widget elementor-widget-heading\" data-id=\"24cfeeb\" data-element_type=\"widget\" data-widget_type=\"heading.default\">\n\t\t\t\t<div class=\"elementor-widget-container\">\n\t\t\t\t\t<h2 class=\"elementor-heading-title elementor-size-default\">Quantit\u00e9s<\/h2>\t\t\t\t<\/div>\n\t\t\t\t<\/div>\n\t\t\t\t<div class=\"elementor-element elementor-element-2acb819 elementor-widget elementor-widget-text-editor\" data-id=\"2acb819\" data-element_type=\"widget\" data-widget_type=\"text-editor.default\">\n\t\t\t\t<div class=\"elementor-widget-container\">\n\t\t\t\t\t\t\t\t\t<p>F\u00fbt de 20 L<br>F\u00fbt de 25 L<br>R\u00e9servoir de 800 L<br>R\u00e9servoir de 1 000 L<\/p>\t\t\t\t\t\t\t\t<\/div>\n\t\t\t\t<\/div>\n\t\t\t\t<\/div>\n\t\t\t\t<\/div>\n\t\t\t\t<div class=\"elementor-element elementor-element-172aafd elementor-widget elementor-widget-text-editor\" data-id=\"172aafd\" data-element_type=\"widget\" data-widget_type=\"text-editor.default\">\n\t\t\t\t<div class=\"elementor-widget-container\">\n\t\t\t\t\t\t\t\t\t<p>11D Protector, la r\u00e9ponse la plus avanc\u00e9e contre les crevaisons. <br \/>Restez en mouvement, prot\u00e9gez vos \u00e9quipes et vos \u00e9quipements.<\/p>\t\t\t\t\t\t\t\t<\/div>\n\t\t\t\t<\/div>\n\t\t<div class=\"elementor-element elementor-element-2fec284 e-con-full e-flex e-con e-child\" data-id=\"2fec284\" data-element_type=\"container\">\n\t\t\t\t<div class=\"elementor-element elementor-element-94f5e92 elementor-widget elementor-widget-button\" data-id=\"94f5e92\" data-element_type=\"widget\" data-widget_type=\"button.default\">\n\t\t\t\t<div class=\"elementor-widget-container\">\n\t\t\t\t\t\t\t\t\t<div class=\"elementor-button-wrapper\">\n\t\t\t\t\t<a class=\"elementor-button elementor-button-link elementor-size-sm\" href=\"https:\/\/www.11dtyresealant.com\/user-stories\/\">\n\t\t\t\t\t\t<span class=\"elementor-button-content-wrapper\">\n\t\t\t\t\t\t\t\t\t<span class=\"elementor-button-text\">T\u00e9moignages d'utilisateurs<\/span>\n\t\t\t\t\t<\/span>\n\t\t\t\t\t<\/a>\n\t\t\t\t<\/div>\n\t\t\t\t\t\t\t\t<\/div>\n\t\t\t\t<\/div>\n\t\t\t\t<div class=\"elementor-element elementor-element-78d9518 elementor-widget elementor-widget-button\" data-id=\"78d9518\" data-element_type=\"widget\" data-widget_type=\"button.default\">\n\t\t\t\t<div class=\"elementor-widget-container\">\n\t\t\t\t\t\t\t\t\t<div class=\"elementor-button-wrapper\">\n\t\t\t\t\t<a class=\"elementor-button elementor-button-link elementor-size-sm\" href=\"https:\/\/www.11dtyresealant.com\/contact\/\">\n\t\t\t\t\t\t<span class=\"elementor-button-content-wrapper\">\n\t\t\t\t\t\t\t\t\t<span class=\"elementor-button-text\">Contact<\/span>\n\t\t\t\t\t<\/span>\n\t\t\t\t\t<\/a>\n\t\t\t\t<\/div>\n\t\t\t\t\t\t\t\t<\/div>\n\t\t\t\t<\/div>\n\t\t\t\t<\/div>\n\t\t\t\t<\/div>\n\t\t\t\t<\/div>\n\t\t\t\t\t<\/div>\n\t\t\t\t<\/div>\n\t\t\t\t<\/div>\n\t\t","protected":false},"excerpt":{"rendered":"<p>Le 11D Protector est notre formule la plus robuste, d\u00e9velopp\u00e9e pour les applications militaires et les conditions extr\u00eames. Actuellement utilis\u00e9 dans le cadre des missions de l\u2019OTAN, il offre une protection durable et renforc\u00e9e l\u00e0 o\u00f9 les produits standards atteignent leurs limites. Avec 11D Protector, vous b\u00e9n\u00e9ficiez d\u2019une continuit\u00e9 op\u00e9rationnelle et d\u2019une s\u00e9curit\u00e9 renforc\u00e9e dans [&hellip;]<\/p>\n","protected":false},"author":1,"featured_media":0,"parent":1889,"menu_order":0,"comment_status":"closed","ping_status":"closed","template":"","meta":{"_acf_changed":false,"footnotes":""},"class_list":["post-1884","page","type-page","status-publish","hentry"],"acf":[],"yoast_head":"<!-- This site is optimized with the Yoast SEO plugin v25.5 - https:\/\/yoast.com\/wordpress\/plugins\/seo\/ -->\n<title>Protector - 11d<\/title>\n<meta name=\"robots\" content=\"index, follow, max-snippet:-1, max-image-preview:large, max-video-preview:-1\" \/>\n<link rel=\"canonical\" href=\"https:\/\/www.11dtyresealant.com\/fr\/product-range\/protector\/\" \/>\n<meta property=\"og:locale\" content=\"fr_FR\" \/>\n<meta property=\"og:type\" content=\"article\" \/>\n<meta property=\"og:title\" content=\"Protector - 11d\" \/>\n<meta property=\"og:description\" content=\"Le 11D Protector est notre formule la plus robuste, d\u00e9velopp\u00e9e pour les applications militaires et les conditions extr\u00eames. Actuellement utilis\u00e9 dans le cadre des missions de l\u2019OTAN, il offre une protection durable et renforc\u00e9e l\u00e0 o\u00f9 les produits standards atteignent leurs limites. Avec 11D Protector, vous b\u00e9n\u00e9ficiez d\u2019une continuit\u00e9 op\u00e9rationnelle et d\u2019une s\u00e9curit\u00e9 renforc\u00e9e dans [&hellip;]\" \/>\n<meta property=\"og:url\" content=\"https:\/\/www.11dtyresealant.com\/fr\/product-range\/protector\/\" \/>\n<meta property=\"og:site_name\" content=\"11d\" \/>\n<meta property=\"article:publisher\" content=\"https:\/\/www.facebook.com\/11Dinternational\/\" \/>\n<meta property=\"article:modified_time\" content=\"2025-11-08T20:08:12+00:00\" \/>\n<meta property=\"og:image\" content=\"https:\/\/www.11dtyresealant.com\/wp-content\/uploads\/2025\/04\/P9mNTCH.jpg\" \/>\n\t<meta property=\"og:image:width\" content=\"1920\" \/>\n\t<meta property=\"og:image:height\" content=\"1280\" \/>\n\t<meta property=\"og:image:type\" content=\"image\/jpeg\" \/>\n<meta name=\"twitter:card\" content=\"summary_large_image\" \/>\n<meta name=\"twitter:label1\" content=\"Dur\u00e9e de lecture estim\u00e9e\" \/>\n\t<meta name=\"twitter:data1\" content=\"3 minutes\" \/>\n<!-- \/ Yoast SEO plugin. -->","yoast_head_json":{"title":"Protector - 11d","robots":{"index":"index","follow":"follow","max-snippet":"max-snippet:-1","max-image-preview":"max-image-preview:large","max-video-preview":"max-video-preview:-1"},"canonical":"https:\/\/www.11dtyresealant.com\/fr\/product-range\/protector\/","og_locale":"fr_FR","og_type":"article","og_title":"Protector - 11d","og_description":"Le 11D Protector est notre formule la plus robuste, d\u00e9velopp\u00e9e pour les applications militaires et les conditions extr\u00eames. Actuellement utilis\u00e9 dans le cadre des missions de l\u2019OTAN, il offre une protection durable et renforc\u00e9e l\u00e0 o\u00f9 les produits standards atteignent leurs limites. Avec 11D Protector, vous b\u00e9n\u00e9ficiez d\u2019une continuit\u00e9 op\u00e9rationnelle et d\u2019une s\u00e9curit\u00e9 renforc\u00e9e dans [&hellip;]","og_url":"https:\/\/www.11dtyresealant.com\/fr\/product-range\/protector\/","og_site_name":"11d","article_publisher":"https:\/\/www.facebook.com\/11Dinternational\/","article_modified_time":"2025-11-08T20:08:12+00:00","og_image":[{"width":1920,"height":1280,"url":"https:\/\/www.11dtyresealant.com\/wp-content\/uploads\/2025\/04\/P9mNTCH.jpg","type":"image\/jpeg"}],"twitter_card":"summary_large_image","twitter_misc":{"Dur\u00e9e de lecture estim\u00e9e":"3 minutes"},"schema":{"@context":"https:\/\/schema.org","@graph":[{"@type":["WebPage","ItemPage"],"@id":"https:\/\/www.11dtyresealant.com\/fr\/product-range\/protector\/","url":"https:\/\/www.11dtyresealant.com\/fr\/product-range\/protector\/","name":"Protector - 11d","isPartOf":{"@id":"https:\/\/www.11dtyresealant.com\/fr\/#website"},"primaryImageOfPage":{"@id":"https:\/\/www.11dtyresealant.com\/fr\/product-range\/protector\/#primaryimage"},"image":{"@id":"https:\/\/www.11dtyresealant.com\/fr\/product-range\/protector\/#primaryimage"},"thumbnailUrl":"https:\/\/www.11dtyresealant.com\/wp-content\/uploads\/2025\/04\/P9mNTCH-1024x683.jpg","datePublished":"2025-04-08T13:03:04+00:00","dateModified":"2025-11-08T20:08:12+00:00","breadcrumb":{"@id":"https:\/\/www.11dtyresealant.com\/fr\/product-range\/protector\/#breadcrumb"},"inLanguage":"fr-FR","potentialAction":[{"@type":"ReadAction","target":["https:\/\/www.11dtyresealant.com\/fr\/product-range\/protector\/"]}]},{"@type":"ImageObject","inLanguage":"fr-FR","@id":"https:\/\/www.11dtyresealant.com\/fr\/product-range\/protector\/#primaryimage","url":"https:\/\/www.11dtyresealant.com\/wp-content\/uploads\/2025\/04\/P9mNTCH-1024x683.jpg","contentUrl":"https:\/\/www.11dtyresealant.com\/wp-content\/uploads\/2025\/04\/P9mNTCH-1024x683.jpg"},{"@type":"BreadcrumbList","@id":"https:\/\/www.11dtyresealant.com\/fr\/product-range\/protector\/#breadcrumb","itemListElement":[{"@type":"ListItem","position":1,"name":"Home","item":"https:\/\/www.11dtyresealant.com\/fr\/"},{"@type":"ListItem","position":2,"name":"Gamme de produits","item":"https:\/\/www.11dtyresealant.com\/fr\/product-range\/"},{"@type":"ListItem","position":3,"name":"Protector"}]},{"@type":"WebSite","@id":"https:\/\/www.11dtyresealant.com\/fr\/#website","url":"https:\/\/www.11dtyresealant.com\/fr\/","name":"11d","description":"","publisher":{"@id":"https:\/\/www.11dtyresealant.com\/fr\/#organization"},"potentialAction":[{"@type":"SearchAction","target":{"@type":"EntryPoint","urlTemplate":"https:\/\/www.11dtyresealant.com\/fr\/?s={search_term_string}"},"query-input":{"@type":"PropertyValueSpecification","valueRequired":true,"valueName":"search_term_string"}}],"inLanguage":"fr-FR"},{"@type":"Organization","@id":"https:\/\/www.11dtyresealant.com\/fr\/#organization","name":"11D Tyre Sealant","alternateName":"Okoned","url":"https:\/\/www.11dtyresealant.com\/fr\/","logo":{"@type":"ImageObject","inLanguage":"fr-FR","@id":"https:\/\/www.11dtyresealant.com\/fr\/#\/schema\/logo\/image\/","url":"https:\/\/www.11dtyresealant.com\/wp-content\/uploads\/2025\/10\/images.png","contentUrl":"https:\/\/www.11dtyresealant.com\/wp-content\/uploads\/2025\/10\/images.png","width":225,"height":225,"caption":"11D Tyre Sealant"},"image":{"@id":"https:\/\/www.11dtyresealant.com\/fr\/#\/schema\/logo\/image\/"},"sameAs":["https:\/\/www.facebook.com\/11Dinternational\/"]}]}},"_links":{"self":[{"href":"https:\/\/www.11dtyresealant.com\/fr\/wp-json\/wp\/v2\/pages\/1884","targetHints":{"allow":["GET"]}}],"collection":[{"href":"https:\/\/www.11dtyresealant.com\/fr\/wp-json\/wp\/v2\/pages"}],"about":[{"href":"https:\/\/www.11dtyresealant.com\/fr\/wp-json\/wp\/v2\/types\/page"}],"author":[{"embeddable":true,"href":"https:\/\/www.11dtyresealant.com\/fr\/wp-json\/wp\/v2\/users\/1"}],"replies":[{"embeddable":true,"href":"https:\/\/www.11dtyresealant.com\/fr\/wp-json\/wp\/v2\/comments?post=1884"}],"version-history":[{"count":5,"href":"https:\/\/www.11dtyresealant.com\/fr\/wp-json\/wp\/v2\/pages\/1884\/revisions"}],"predecessor-version":[{"id":2605,"href":"https:\/\/www.11dtyresealant.com\/fr\/wp-json\/wp\/v2\/pages\/1884\/revisions\/2605"}],"up":[{"embeddable":true,"href":"https:\/\/www.11dtyresealant.com\/fr\/wp-json\/wp\/v2\/pages\/1889"}],"wp:attachment":[{"href":"https:\/\/www.11dtyresealant.com\/fr\/wp-json\/wp\/v2\/media?parent=1884"}],"curies":[{"name":"wp","href":"https:\/\/api.w.org\/{rel}","templated":true}]}}