{"id":1886,"date":"2025-04-07T12:25:11","date_gmt":"2025-04-07T12:25:11","guid":{"rendered":"https:\/\/www.11dtyresealant.com\/heavy-duty\/"},"modified":"2025-11-08T19:59:14","modified_gmt":"2025-11-08T19:59:14","slug":"heavy-duty","status":"publish","type":"page","link":"https:\/\/www.11dtyresealant.com\/fr\/product-range\/heavy-duty\/","title":{"rendered":"Heavy duty"},"content":{"rendered":"\t\t<div data-elementor-type=\"wp-page\" data-elementor-id=\"1886\" class=\"elementor elementor-1886 elementor-116\" data-elementor-post-type=\"page\">\n\t\t\t\t<div class=\"elementor-element elementor-element-86bc409 e-flex e-con-boxed e-con e-parent\" data-id=\"86bc409\" data-element_type=\"container\" data-settings=\"{&quot;background_background&quot;:&quot;classic&quot;}\">\n\t\t\t\t\t<div class=\"e-con-inner\">\n\t\t<div class=\"elementor-element elementor-element-e45bf41 e-con-full e-flex e-con e-child\" data-id=\"e45bf41\" data-element_type=\"container\">\n\t\t<div class=\"elementor-element elementor-element-ea5970a e-con-full e-flex e-con e-child\" data-id=\"ea5970a\" data-element_type=\"container\" data-settings=\"{&quot;background_background&quot;:&quot;classic&quot;}\">\n\t\t\t\t<div class=\"elementor-element elementor-element-0a982b1 elementor-widget elementor-widget-text-editor\" data-id=\"0a982b1\" data-element_type=\"widget\" data-widget_type=\"text-editor.default\">\n\t\t\t\t<div class=\"elementor-widget-container\">\n\t\t\t\t\t\t\t\t\t<p>11D Heavy Duty est un produit anticrevaison sp\u00e9cialement d\u00e9velopp\u00e9 pour les v\u00e9hicules lourds et les environnements difficiles. Gr\u00e2ce \u00e0 sa formule \u00e0 viscosit\u00e9 optimis\u00e9e et \u00e0 son pouvoir d\u2019\u00e9tanch\u00e9it\u00e9 renforc\u00e9, il est id\u00e9al pour les camions, engins de chantier, v\u00e9hicules miniers ou agricoles. R\u00e9sultat : moins d\u2019immobilisations, une dur\u00e9e de vie prolong\u00e9e des pneus et une r\u00e9duction des co\u00fbts pour votre flotte.<\/p>\t\t\t\t\t\t\t\t<\/div>\n\t\t\t\t<\/div>\n\t\t\t\t<\/div>\n\t\t\t\t<\/div>\n\t\t\t\t\t<\/div>\n\t\t\t\t<\/div>\n\t\t<div class=\"elementor-element elementor-element-1c1d8c7 e-flex e-con-boxed e-con e-parent\" data-id=\"1c1d8c7\" data-element_type=\"container\">\n\t\t\t\t\t<div class=\"e-con-inner\">\n\t\t<div class=\"elementor-element elementor-element-555287d e-con-full e-flex e-con e-child\" data-id=\"555287d\" data-element_type=\"container\">\n\t\t<div class=\"elementor-element elementor-element-1888256 e-con-full e-flex e-con e-child\" data-id=\"1888256\" data-element_type=\"container\">\n\t\t<div class=\"elementor-element elementor-element-30e2c38 e-con-full e-flex e-con e-child\" data-id=\"30e2c38\" data-element_type=\"container\">\n\t\t\t\t<div class=\"elementor-element elementor-element-530badd elementor-widget elementor-widget-heading\" data-id=\"530badd\" data-element_type=\"widget\" data-widget_type=\"heading.default\">\n\t\t\t\t<div class=\"elementor-widget-container\">\n\t\t\t\t\t<h3 class=\"elementor-heading-title elementor-size-default\">Protection renforc\u00e9e pour pneumatiques supportant plus de 3.5 T par \nessieu <\/h3>\t\t\t\t<\/div>\n\t\t\t\t<\/div>\n\t\t\t\t<div class=\"elementor-element elementor-element-8701bf9 elementor-widget elementor-widget-text-editor\" data-id=\"8701bf9\" data-element_type=\"widget\" data-widget_type=\"text-editor.default\">\n\t\t\t\t<div class=\"elementor-widget-container\">\n\t\t\t\t\t\t\t\t\t<p>Con\u00e7u pour les v\u00e9hicules soumis \u00e0 de fortes charges et \u00e0 des terrains <br \/>difficiles, le pr\u00e9ventif 11D Heavy Duty colmate instantan\u00e9ment et <br \/>durablement les perforations gr\u00e2ce \u00e0 sa technologie innovante Poly <br \/>Pearl\u00ae.<\/p><p><br \/>Il permet d\u2019assurer la continuit\u00e9 des op\u00e9rations sur les chantiers, dans le transport ou pour les flottes tout-terrain.<\/p>\t\t\t\t\t\t\t\t<\/div>\n\t\t\t\t<\/div>\n\t\t\t\t<\/div>\n\t\t<div class=\"elementor-element elementor-element-d5ee6ff e-con-full e-flex e-con e-child\" data-id=\"d5ee6ff\" data-element_type=\"container\">\n\t\t\t\t<div class=\"elementor-element elementor-element-10bfc08 elementor-widget elementor-widget-image\" data-id=\"10bfc08\" data-element_type=\"widget\" data-widget_type=\"image.default\">\n\t\t\t\t<div class=\"elementor-widget-container\">\n\t\t\t\t\t\t\t\t\t\t\t\t\t\t\t<img fetchpriority=\"high\" decoding=\"async\" width=\"800\" height=\"534\" src=\"https:\/\/www.11dtyresealant.com\/wp-content\/uploads\/2025\/04\/P9mNTCH-1024x683.jpg\" class=\"attachment-large size-large wp-image-1864\" alt=\"11D Heavy Duty Tyre Sealant bottle for trucks and construction vehicles\" srcset=\"https:\/\/www.11dtyresealant.com\/wp-content\/uploads\/2025\/04\/P9mNTCH-1024x683.jpg 1024w, https:\/\/www.11dtyresealant.com\/wp-content\/uploads\/2025\/04\/P9mNTCH-300x200.jpg 300w, https:\/\/www.11dtyresealant.com\/wp-content\/uploads\/2025\/04\/P9mNTCH-768x512.jpg 768w, https:\/\/www.11dtyresealant.com\/wp-content\/uploads\/2025\/04\/P9mNTCH-1536x1024.jpg 1536w, https:\/\/www.11dtyresealant.com\/wp-content\/uploads\/2025\/04\/P9mNTCH.jpg 1920w\" sizes=\"(max-width: 800px) 100vw, 800px\" \/>\t\t\t\t\t\t\t\t\t\t\t\t\t\t\t<\/div>\n\t\t\t\t<\/div>\n\t\t\t\t<\/div>\n\t\t\t\t<\/div>\n\t\t\t\t<\/div>\n\t\t\t\t\t<\/div>\n\t\t\t\t<\/div>\n\t\t<div class=\"elementor-element elementor-element-9114987 e-flex e-con-boxed e-con e-parent\" data-id=\"9114987\" data-element_type=\"container\" data-settings=\"{&quot;background_background&quot;:&quot;classic&quot;}\">\n\t\t\t\t\t<div class=\"e-con-inner\">\n\t\t<div class=\"elementor-element elementor-element-a107912 e-con-full e-flex e-con e-child\" data-id=\"a107912\" data-element_type=\"container\">\n\t\t<div class=\"elementor-element elementor-element-7dbe5eb e-con-full e-flex e-con e-child\" data-id=\"7dbe5eb\" data-element_type=\"container\">\n\t\t<div class=\"elementor-element elementor-element-685b0d1 e-con-full e-flex e-con e-child\" data-id=\"685b0d1\" data-element_type=\"container\">\n\t\t\t\t<div class=\"elementor-element elementor-element-2f05247 elementor-widget elementor-widget-heading\" data-id=\"2f05247\" data-element_type=\"widget\" data-widget_type=\"heading.default\">\n\t\t\t\t<div class=\"elementor-widget-container\">\n\t\t\t\t\t<h3 class=\"elementor-heading-title elementor-size-default\">Pr\u00e9vention durable des crevaisons <\/h3>\t\t\t\t<\/div>\n\t\t\t\t<\/div>\n\t\t\t\t<div class=\"elementor-element elementor-element-387b485 elementor-widget elementor-widget-text-editor\" data-id=\"387b485\" data-element_type=\"widget\" data-widget_type=\"text-editor.default\">\n\t\t\t\t<div class=\"elementor-widget-container\">\n\t\t\t\t\t\t\t\t\t<p>Le 11D Heavy Duty offre une protection imm\u00e9diate contre les <br \/>crevaisons et reste actif pendant toute la dur\u00e9e de vie du pneu.<\/p>\t\t\t\t\t\t\t\t<\/div>\n\t\t\t\t<\/div>\n\t\t\t\t<\/div>\n\t\t<div class=\"elementor-element elementor-element-5caa75e e-con-full e-flex e-con e-child\" data-id=\"5caa75e\" data-element_type=\"container\">\n\t\t\t\t<div class=\"elementor-element elementor-element-9c0231f elementor-widget-divider--view-line elementor-widget elementor-widget-divider\" data-id=\"9c0231f\" data-element_type=\"widget\" data-widget_type=\"divider.default\">\n\t\t\t\t<div class=\"elementor-widget-container\">\n\t\t\t\t\t\t\t<div class=\"elementor-divider\">\n\t\t\t<span class=\"elementor-divider-separator\">\n\t\t\t\t\t\t<\/span>\n\t\t<\/div>\n\t\t\t\t\t\t<\/div>\n\t\t\t\t<\/div>\n\t\t\t\t<\/div>\n\t\t<div class=\"elementor-element elementor-element-a0db5ec e-con-full e-flex e-con e-child\" data-id=\"a0db5ec\" data-element_type=\"container\">\n\t\t\t\t<div class=\"elementor-element elementor-element-9fb3434 elementor-widget elementor-widget-heading\" data-id=\"9fb3434\" data-element_type=\"widget\" data-widget_type=\"heading.default\">\n\t\t\t\t<div class=\"elementor-widget-container\">\n\t\t\t\t\t<h3 class=\"elementor-heading-title elementor-size-default\">S\u00fbr et simple \u00e0 utiliser <\/h3>\t\t\t\t<\/div>\n\t\t\t\t<\/div>\n\t\t\t\t<div class=\"elementor-element elementor-element-f641679 elementor-widget elementor-widget-text-editor\" data-id=\"f641679\" data-element_type=\"widget\" data-widget_type=\"text-editor.default\">\n\t\t\t\t<div class=\"elementor-widget-container\">\n\t\t\t\t\t\t\t\t\t<p>Le 11D Heavy Duty est non toxique, non inflammable et biod\u00e9gradable. Il s\u2019applique tr\u00e8s facilement \u00e0 l\u2019aide d\u2019une pompe doseuse et peut \u00eatre <br \/>retir\u00e9 \u00e0 l\u2019eau. Une solution fiable, propre et sans danger pour les op\u00e9rateurs comme pour l\u2019environnement.<\/p>\t\t\t\t\t\t\t\t<\/div>\n\t\t\t\t<\/div>\n\t\t\t\t<\/div>\n\t\t\t\t<\/div>\n\t\t<div class=\"elementor-element elementor-element-f208212 e-con-full e-flex e-con e-child\" data-id=\"f208212\" data-element_type=\"container\">\n\t\t<div class=\"elementor-element elementor-element-5520df5 e-con-full e-flex e-con e-child\" data-id=\"5520df5\" data-element_type=\"container\">\n\t\t<div class=\"elementor-element elementor-element-d4fb739 e-con-full e-flex e-con e-child\" data-id=\"d4fb739\" data-element_type=\"container\">\n\t\t\t\t<div class=\"elementor-element elementor-element-84523c0 elementor-widget elementor-widget-heading\" data-id=\"84523c0\" data-element_type=\"widget\" data-widget_type=\"heading.default\">\n\t\t\t\t<div class=\"elementor-widget-container\">\n\t\t\t\t\t<h3 class=\"elementor-heading-title elementor-size-default\">Technologie Poly Pearl\u00ae <\/h3>\t\t\t\t<\/div>\n\t\t\t\t<\/div>\n\t\t\t\t<div class=\"elementor-element elementor-element-4faf743 elementor-widget elementor-widget-text-editor\" data-id=\"4faf743\" data-element_type=\"widget\" data-widget_type=\"text-editor.default\">\n\t\t\t\t<div class=\"elementor-widget-container\">\n\t\t\t\t\t\t\t\t\t<p>Le 11D Heavy Duty int\u00e8gre la technologie Poly Pearl\u00ae, une innovation <br \/>brevet\u00e9e qui am\u00e9liore l\u2019adh\u00e9rence, l\u2019\u00e9tanch\u00e9it\u00e9 et la durabilit\u00e9 de la <br \/>protection interne du pneu.<\/p>\t\t\t\t\t\t\t\t<\/div>\n\t\t\t\t<\/div>\n\t\t\t\t<\/div>\n\t\t\t\t<\/div>\n\t\t<div class=\"elementor-element elementor-element-37da09f e-con-full e-flex e-con e-child\" data-id=\"37da09f\" data-element_type=\"container\">\n\t\t\t\t<div class=\"elementor-element elementor-element-c233cb7 elementor-widget-divider--view-line elementor-widget elementor-widget-divider\" data-id=\"c233cb7\" data-element_type=\"widget\" data-widget_type=\"divider.default\">\n\t\t\t\t<div class=\"elementor-widget-container\">\n\t\t\t\t\t\t\t<div class=\"elementor-divider\">\n\t\t\t<span class=\"elementor-divider-separator\">\n\t\t\t\t\t\t<\/span>\n\t\t<\/div>\n\t\t\t\t\t\t<\/div>\n\t\t\t\t<\/div>\n\t\t\t\t<\/div>\n\t\t<div class=\"elementor-element elementor-element-2189bda e-con-full e-flex e-con e-child\" data-id=\"2189bda\" data-element_type=\"container\">\n\t\t\t\t<div class=\"elementor-element elementor-element-2adbbd9 elementor-widget elementor-widget-heading\" data-id=\"2adbbd9\" data-element_type=\"widget\" data-widget_type=\"heading.default\">\n\t\t\t\t<div class=\"elementor-widget-container\">\n\t\t\t\t\t<h3 class=\"elementor-heading-title elementor-size-default\">R\u00e9duit les temps d\u2019arr\u00eat co\u00fbteux <\/h3>\t\t\t\t<\/div>\n\t\t\t\t<\/div>\n\t\t\t\t<div class=\"elementor-element elementor-element-95902b3 elementor-widget elementor-widget-text-editor\" data-id=\"95902b3\" data-element_type=\"widget\" data-widget_type=\"text-editor.default\">\n\t\t\t\t<div class=\"elementor-widget-container\">\n\t\t\t\t\t\t\t\t\t<p>Le 11D Heavy Duty transforme chaque pneu en pneu auto-obturant. <br \/>En \u00e9liminant 85 \u00e0 95 % des crevaisons sur la bande de roulement, il augmente consid\u00e9rablement la disponibilit\u00e9 op\u00e9rationnelle des engins, <br \/>contribue \u00e0 r\u00e9duire les co\u00fbts d\u2019exploitation et am\u00e9liore la s\u00e9curit\u00e9.<\/p>\t\t\t\t\t\t\t\t<\/div>\n\t\t\t\t<\/div>\n\t\t\t\t<\/div>\n\t\t\t\t<\/div>\n\t\t\t\t<\/div>\n\t\t\t\t\t<\/div>\n\t\t\t\t<\/div>\n\t\t<div class=\"elementor-element elementor-element-e7f8f78 e-flex e-con-boxed e-con e-parent\" data-id=\"e7f8f78\" data-element_type=\"container\">\n\t\t\t\t\t<div class=\"e-con-inner\">\n\t\t\t\t\t<\/div>\n\t\t\t\t<\/div>\n\t\t<div class=\"elementor-element elementor-element-1e03df9 e-flex e-con-boxed e-con e-parent\" data-id=\"1e03df9\" data-element_type=\"container\" data-settings=\"{&quot;background_background&quot;:&quot;classic&quot;}\">\n\t\t\t\t\t<div class=\"e-con-inner\">\n\t\t<div class=\"elementor-element elementor-element-6a9695b e-con-full e-flex e-con e-child\" data-id=\"6a9695b\" data-element_type=\"container\">\n\t\t<div class=\"elementor-element elementor-element-6da8d40 e-con-full e-flex e-con e-child\" data-id=\"6da8d40\" data-element_type=\"container\">\n\t\t\t\t<div class=\"elementor-element elementor-element-25d57aa elementor-widget elementor-widget-heading\" data-id=\"25d57aa\" data-element_type=\"widget\" data-widget_type=\"heading.default\">\n\t\t\t\t<div class=\"elementor-widget-container\">\n\t\t\t\t\t<h2 class=\"elementor-heading-title elementor-size-default\">11D Heavy Duty Specifications<\/h2>\t\t\t\t<\/div>\n\t\t\t\t<\/div>\n\t\t\t\t<\/div>\n\t\t<div class=\"elementor-element elementor-element-dab60b9 e-con-full e-flex e-con e-child\" data-id=\"dab60b9\" data-element_type=\"container\">\n\t\t<div class=\"elementor-element elementor-element-a782916 e-con-full e-flex e-con e-child\" data-id=\"a782916\" data-element_type=\"container\">\n\t\t<div class=\"elementor-element elementor-element-8b2ed30 e-con-full e-flex e-con e-child\" data-id=\"8b2ed30\" data-element_type=\"container\">\n\t\t\t\t<div class=\"elementor-element elementor-element-60ac122 elementor-widget elementor-widget-heading\" data-id=\"60ac122\" data-element_type=\"widget\" data-widget_type=\"heading.default\">\n\t\t\t\t<div class=\"elementor-widget-container\">\n\t\t\t\t\t<h2 class=\"elementor-heading-title elementor-size-default\">Application<\/h2>\t\t\t\t<\/div>\n\t\t\t\t<\/div>\n\t\t\t\t<div class=\"elementor-element elementor-element-c181e68 elementor-widget elementor-widget-text-editor\" data-id=\"c181e68\" data-element_type=\"widget\" data-widget_type=\"text-editor.default\">\n\t\t\t\t<div class=\"elementor-widget-container\">\n\t\t\t\t\t\t\t\t\t<p>Terrassement<br>Exploitation mini\u00e8re<br>Agriculture<br>Sylviculture<br>Construction<\/p>\t\t\t\t\t\t\t\t<\/div>\n\t\t\t\t<\/div>\n\t\t\t\t<\/div>\n\t\t<div class=\"elementor-element elementor-element-a358e26 e-con-full e-flex e-con e-child\" data-id=\"a358e26\" data-element_type=\"container\">\n\t\t\t\t<div class=\"elementor-element elementor-element-6c40aac elementor-widget elementor-widget-heading\" data-id=\"6c40aac\" data-element_type=\"widget\" data-widget_type=\"heading.default\">\n\t\t\t\t<div class=\"elementor-widget-container\">\n\t\t\t\t\t<h2 class=\"elementor-heading-title elementor-size-default\">Quantit\u00e9s<\/h2>\t\t\t\t<\/div>\n\t\t\t\t<\/div>\n\t\t\t\t<div class=\"elementor-element elementor-element-242c4df elementor-widget elementor-widget-text-editor\" data-id=\"242c4df\" data-element_type=\"widget\" data-widget_type=\"text-editor.default\">\n\t\t\t\t<div class=\"elementor-widget-container\">\n\t\t\t\t\t\t\t\t\t<p>F\u00fbt de 20 L<br>F\u00fbt de 25 L<br>R\u00e9servoir de 800 L<br>R\u00e9servoir de 1 000 L<\/p>\t\t\t\t\t\t\t\t<\/div>\n\t\t\t\t<\/div>\n\t\t\t\t<\/div>\n\t\t\t\t<\/div>\n\t\t\t\t<div class=\"elementor-element elementor-element-a118e72 elementor-widget elementor-widget-text-editor\" data-id=\"a118e72\" data-element_type=\"widget\" data-widget_type=\"text-editor.default\">\n\t\t\t\t<div class=\"elementor-widget-container\">\n\t\t\t\t\t\t\t\t\t<p>Essayez 11D Heavy Duty, la solution de confiance pour les v\u00e9hicules lourds, robustes et <br \/>performants.<\/p>\t\t\t\t\t\t\t\t<\/div>\n\t\t\t\t<\/div>\n\t\t<div class=\"elementor-element elementor-element-c15332f e-con-full e-flex e-con e-child\" data-id=\"c15332f\" data-element_type=\"container\">\n\t\t\t\t<div class=\"elementor-element elementor-element-ae46940 elementor-widget elementor-widget-button\" data-id=\"ae46940\" data-element_type=\"widget\" data-widget_type=\"button.default\">\n\t\t\t\t<div class=\"elementor-widget-container\">\n\t\t\t\t\t\t\t\t\t<div class=\"elementor-button-wrapper\">\n\t\t\t\t\t<a class=\"elementor-button elementor-button-link elementor-size-sm\" href=\"https:\/\/www.11dtyresealant.com\/user-stories\/\">\n\t\t\t\t\t\t<span class=\"elementor-button-content-wrapper\">\n\t\t\t\t\t\t\t\t\t<span class=\"elementor-button-text\">T\u00e9moignages d'utilisateurs<\/span>\n\t\t\t\t\t<\/span>\n\t\t\t\t\t<\/a>\n\t\t\t\t<\/div>\n\t\t\t\t\t\t\t\t<\/div>\n\t\t\t\t<\/div>\n\t\t\t\t<div class=\"elementor-element elementor-element-35d840d elementor-widget elementor-widget-button\" data-id=\"35d840d\" data-element_type=\"widget\" data-widget_type=\"button.default\">\n\t\t\t\t<div class=\"elementor-widget-container\">\n\t\t\t\t\t\t\t\t\t<div class=\"elementor-button-wrapper\">\n\t\t\t\t\t<a class=\"elementor-button elementor-button-link elementor-size-sm\" href=\"https:\/\/www.11dtyresealant.com\/contact\/\">\n\t\t\t\t\t\t<span class=\"elementor-button-content-wrapper\">\n\t\t\t\t\t\t\t\t\t<span class=\"elementor-button-text\">Contact<\/span>\n\t\t\t\t\t<\/span>\n\t\t\t\t\t<\/a>\n\t\t\t\t<\/div>\n\t\t\t\t\t\t\t\t<\/div>\n\t\t\t\t<\/div>\n\t\t\t\t<\/div>\n\t\t\t\t<\/div>\n\t\t\t\t<\/div>\n\t\t\t\t\t<\/div>\n\t\t\t\t<\/div>\n\t\t\t\t<\/div>\n\t\t","protected":false},"excerpt":{"rendered":"<p>11D Heavy Duty est un produit anticrevaison sp\u00e9cialement d\u00e9velopp\u00e9 pour les v\u00e9hicules lourds et les environnements difficiles. Gr\u00e2ce \u00e0 sa formule \u00e0 viscosit\u00e9 optimis\u00e9e et \u00e0 son pouvoir d\u2019\u00e9tanch\u00e9it\u00e9 renforc\u00e9, il est id\u00e9al pour les camions, engins de chantier, v\u00e9hicules miniers ou agricoles. R\u00e9sultat : moins d\u2019immobilisations, une dur\u00e9e de vie prolong\u00e9e des pneus et [&hellip;]<\/p>\n","protected":false},"author":1,"featured_media":0,"parent":1889,"menu_order":0,"comment_status":"closed","ping_status":"closed","template":"","meta":{"_acf_changed":false,"footnotes":""},"class_list":["post-1886","page","type-page","status-publish","hentry"],"acf":[],"yoast_head":"<!-- This site is optimized with the Yoast SEO plugin v25.5 - https:\/\/yoast.com\/wordpress\/plugins\/seo\/ -->\n<title>Heavy duty - 11d<\/title>\n<meta name=\"robots\" content=\"index, follow, max-snippet:-1, max-image-preview:large, max-video-preview:-1\" \/>\n<link rel=\"canonical\" href=\"https:\/\/www.11dtyresealant.com\/fr\/product-range\/heavy-duty\/\" \/>\n<meta property=\"og:locale\" content=\"fr_FR\" \/>\n<meta property=\"og:type\" content=\"article\" \/>\n<meta property=\"og:title\" content=\"Heavy duty - 11d\" \/>\n<meta property=\"og:description\" content=\"11D Heavy Duty est un produit anticrevaison sp\u00e9cialement d\u00e9velopp\u00e9 pour les v\u00e9hicules lourds et les environnements difficiles. Gr\u00e2ce \u00e0 sa formule \u00e0 viscosit\u00e9 optimis\u00e9e et \u00e0 son pouvoir d\u2019\u00e9tanch\u00e9it\u00e9 renforc\u00e9, il est id\u00e9al pour les camions, engins de chantier, v\u00e9hicules miniers ou agricoles. R\u00e9sultat : moins d\u2019immobilisations, une dur\u00e9e de vie prolong\u00e9e des pneus et [&hellip;]\" \/>\n<meta property=\"og:url\" content=\"https:\/\/www.11dtyresealant.com\/fr\/product-range\/heavy-duty\/\" \/>\n<meta property=\"og:site_name\" content=\"11d\" \/>\n<meta property=\"article:publisher\" content=\"https:\/\/www.facebook.com\/11Dinternational\/\" \/>\n<meta property=\"article:modified_time\" content=\"2025-11-08T19:59:14+00:00\" \/>\n<meta property=\"og:image\" content=\"https:\/\/www.11dtyresealant.com\/wp-content\/uploads\/2025\/04\/P9mNTCH.jpg\" \/>\n\t<meta property=\"og:image:width\" content=\"1920\" \/>\n\t<meta property=\"og:image:height\" content=\"1280\" \/>\n\t<meta property=\"og:image:type\" content=\"image\/jpeg\" \/>\n<meta name=\"twitter:card\" content=\"summary_large_image\" \/>\n<meta name=\"twitter:label1\" content=\"Dur\u00e9e de lecture estim\u00e9e\" \/>\n\t<meta name=\"twitter:data1\" content=\"2 minutes\" \/>\n<!-- \/ Yoast SEO plugin. -->","yoast_head_json":{"title":"Heavy duty - 11d","robots":{"index":"index","follow":"follow","max-snippet":"max-snippet:-1","max-image-preview":"max-image-preview:large","max-video-preview":"max-video-preview:-1"},"canonical":"https:\/\/www.11dtyresealant.com\/fr\/product-range\/heavy-duty\/","og_locale":"fr_FR","og_type":"article","og_title":"Heavy duty - 11d","og_description":"11D Heavy Duty est un produit anticrevaison sp\u00e9cialement d\u00e9velopp\u00e9 pour les v\u00e9hicules lourds et les environnements difficiles. Gr\u00e2ce \u00e0 sa formule \u00e0 viscosit\u00e9 optimis\u00e9e et \u00e0 son pouvoir d\u2019\u00e9tanch\u00e9it\u00e9 renforc\u00e9, il est id\u00e9al pour les camions, engins de chantier, v\u00e9hicules miniers ou agricoles. R\u00e9sultat : moins d\u2019immobilisations, une dur\u00e9e de vie prolong\u00e9e des pneus et [&hellip;]","og_url":"https:\/\/www.11dtyresealant.com\/fr\/product-range\/heavy-duty\/","og_site_name":"11d","article_publisher":"https:\/\/www.facebook.com\/11Dinternational\/","article_modified_time":"2025-11-08T19:59:14+00:00","og_image":[{"width":1920,"height":1280,"url":"https:\/\/www.11dtyresealant.com\/wp-content\/uploads\/2025\/04\/P9mNTCH.jpg","type":"image\/jpeg"}],"twitter_card":"summary_large_image","twitter_misc":{"Dur\u00e9e de lecture estim\u00e9e":"2 minutes"},"schema":{"@context":"https:\/\/schema.org","@graph":[{"@type":["WebPage","ItemPage"],"@id":"https:\/\/www.11dtyresealant.com\/fr\/product-range\/heavy-duty\/","url":"https:\/\/www.11dtyresealant.com\/fr\/product-range\/heavy-duty\/","name":"Heavy duty - 11d","isPartOf":{"@id":"https:\/\/www.11dtyresealant.com\/fr\/#website"},"primaryImageOfPage":{"@id":"https:\/\/www.11dtyresealant.com\/fr\/product-range\/heavy-duty\/#primaryimage"},"image":{"@id":"https:\/\/www.11dtyresealant.com\/fr\/product-range\/heavy-duty\/#primaryimage"},"thumbnailUrl":"https:\/\/www.11dtyresealant.com\/wp-content\/uploads\/2025\/04\/P9mNTCH-1024x683.jpg","datePublished":"2025-04-07T12:25:11+00:00","dateModified":"2025-11-08T19:59:14+00:00","breadcrumb":{"@id":"https:\/\/www.11dtyresealant.com\/fr\/product-range\/heavy-duty\/#breadcrumb"},"inLanguage":"fr-FR","potentialAction":[{"@type":"ReadAction","target":["https:\/\/www.11dtyresealant.com\/fr\/product-range\/heavy-duty\/"]}]},{"@type":"ImageObject","inLanguage":"fr-FR","@id":"https:\/\/www.11dtyresealant.com\/fr\/product-range\/heavy-duty\/#primaryimage","url":"https:\/\/www.11dtyresealant.com\/wp-content\/uploads\/2025\/04\/P9mNTCH-1024x683.jpg","contentUrl":"https:\/\/www.11dtyresealant.com\/wp-content\/uploads\/2025\/04\/P9mNTCH-1024x683.jpg"},{"@type":"BreadcrumbList","@id":"https:\/\/www.11dtyresealant.com\/fr\/product-range\/heavy-duty\/#breadcrumb","itemListElement":[{"@type":"ListItem","position":1,"name":"Home","item":"https:\/\/www.11dtyresealant.com\/fr\/"},{"@type":"ListItem","position":2,"name":"Gamme de produits","item":"https:\/\/www.11dtyresealant.com\/fr\/product-range\/"},{"@type":"ListItem","position":3,"name":"Heavy duty"}]},{"@type":"WebSite","@id":"https:\/\/www.11dtyresealant.com\/fr\/#website","url":"https:\/\/www.11dtyresealant.com\/fr\/","name":"11d","description":"","publisher":{"@id":"https:\/\/www.11dtyresealant.com\/fr\/#organization"},"potentialAction":[{"@type":"SearchAction","target":{"@type":"EntryPoint","urlTemplate":"https:\/\/www.11dtyresealant.com\/fr\/?s={search_term_string}"},"query-input":{"@type":"PropertyValueSpecification","valueRequired":true,"valueName":"search_term_string"}}],"inLanguage":"fr-FR"},{"@type":"Organization","@id":"https:\/\/www.11dtyresealant.com\/fr\/#organization","name":"11D Tyre Sealant","alternateName":"Okoned","url":"https:\/\/www.11dtyresealant.com\/fr\/","logo":{"@type":"ImageObject","inLanguage":"fr-FR","@id":"https:\/\/www.11dtyresealant.com\/fr\/#\/schema\/logo\/image\/","url":"https:\/\/www.11dtyresealant.com\/wp-content\/uploads\/2025\/10\/images.png","contentUrl":"https:\/\/www.11dtyresealant.com\/wp-content\/uploads\/2025\/10\/images.png","width":225,"height":225,"caption":"11D Tyre Sealant"},"image":{"@id":"https:\/\/www.11dtyresealant.com\/fr\/#\/schema\/logo\/image\/"},"sameAs":["https:\/\/www.facebook.com\/11Dinternational\/"]}]}},"_links":{"self":[{"href":"https:\/\/www.11dtyresealant.com\/fr\/wp-json\/wp\/v2\/pages\/1886","targetHints":{"allow":["GET"]}}],"collection":[{"href":"https:\/\/www.11dtyresealant.com\/fr\/wp-json\/wp\/v2\/pages"}],"about":[{"href":"https:\/\/www.11dtyresealant.com\/fr\/wp-json\/wp\/v2\/types\/page"}],"author":[{"embeddable":true,"href":"https:\/\/www.11dtyresealant.com\/fr\/wp-json\/wp\/v2\/users\/1"}],"replies":[{"embeddable":true,"href":"https:\/\/www.11dtyresealant.com\/fr\/wp-json\/wp\/v2\/comments?post=1886"}],"version-history":[{"count":5,"href":"https:\/\/www.11dtyresealant.com\/fr\/wp-json\/wp\/v2\/pages\/1886\/revisions"}],"predecessor-version":[{"id":2599,"href":"https:\/\/www.11dtyresealant.com\/fr\/wp-json\/wp\/v2\/pages\/1886\/revisions\/2599"}],"up":[{"embeddable":true,"href":"https:\/\/www.11dtyresealant.com\/fr\/wp-json\/wp\/v2\/pages\/1889"}],"wp:attachment":[{"href":"https:\/\/www.11dtyresealant.com\/fr\/wp-json\/wp\/v2\/media?parent=1886"}],"curies":[{"name":"wp","href":"https:\/\/api.w.org\/{rel}","templated":true}]}}