{"id":1898,"date":"2025-04-07T10:28:53","date_gmt":"2025-04-07T10:28:53","guid":{"rendered":"https:\/\/www.11dtyresealant.com\/oem-partners\/"},"modified":"2025-11-08T20:10:31","modified_gmt":"2025-11-08T20:10:31","slug":"oem-partners","status":"publish","type":"page","link":"https:\/\/www.11dtyresealant.com\/fr\/oem-partners\/","title":{"rendered":"Partenariats OEM"},"content":{"rendered":"\t\t<div data-elementor-type=\"wp-page\" data-elementor-id=\"1898\" class=\"elementor elementor-1898 elementor-28\" data-elementor-post-type=\"page\">\n\t\t\t\t<div class=\"elementor-element elementor-element-b86451e e-flex e-con-boxed e-con e-parent\" data-id=\"b86451e\" data-element_type=\"container\" data-settings=\"{&quot;background_background&quot;:&quot;classic&quot;}\">\n\t\t\t\t\t<div class=\"e-con-inner\">\n\t\t<div class=\"elementor-element elementor-element-efb220e e-con-full e-flex e-con e-child\" data-id=\"efb220e\" data-element_type=\"container\">\n\t\t\t\t<div class=\"elementor-element elementor-element-d039330 elementor-widget elementor-widget-heading\" data-id=\"d039330\" data-element_type=\"widget\" data-widget_type=\"heading.default\">\n\t\t\t\t<div class=\"elementor-widget-container\">\n\t\t\t\t\t<h1 class=\"elementor-heading-title elementor-size-default\">OEM PARTNERS<\/h1>\t\t\t\t<\/div>\n\t\t\t\t<\/div>\n\t\t\t\t<div class=\"elementor-element elementor-element-6cd612a elementor-widget elementor-widget-text-editor\" data-id=\"6cd612a\" data-element_type=\"widget\" data-widget_type=\"text-editor.default\">\n\t\t\t\t<div class=\"elementor-widget-container\">\n\t\t\t\t\t\t\t\t\t<p>Les pr\u00e9ventifs anticrevaisons 11D sont des solutions liquides innovantes, con\u00e7ues pour prot\u00e9ger les pneus contre 90 % des crevaisons. Comment fonctionnent les solutions pr\u00e9ventives 11D ? <br \/>Ce produit pr\u00e9ventif est inject\u00e9 \u00e0 l\u2019int\u00e9rieur du pneu \u00e0 l\u2019aide d\u2019une pompe doseuse, et offre une protection contre les crevaisons durant toute la dur\u00e9e de vie du pneu. En cas de crevaison, la solution 11D bouche instantan\u00e9ment la perforation, pour cr\u00e9er un joint de protection <br \/>permanent, gr\u00e2ce \u00e0 sa composition unique. Cela garantit que les pneus restent op\u00e9rationnels, r\u00e9duisant ainsi le risque<\/p>\t\t\t\t\t\t\t\t<\/div>\n\t\t\t\t<\/div>\n\t\t<div class=\"elementor-element elementor-element-7f97bb8 e-con-full e-flex e-con e-child\" data-id=\"7f97bb8\" data-element_type=\"container\">\n\t\t\t\t<div class=\"elementor-element elementor-element-77b5aac hover-icon-btn elementor-widget elementor-widget-button\" data-id=\"77b5aac\" data-element_type=\"widget\" data-widget_type=\"button.default\">\n\t\t\t\t<div class=\"elementor-widget-container\">\n\t\t\t\t\t\t\t\t\t<div class=\"elementor-button-wrapper\">\n\t\t\t\t\t<a class=\"elementor-button elementor-button-link elementor-size-sm\" href=\"#howitworks\">\n\t\t\t\t\t\t<span class=\"elementor-button-content-wrapper\">\n\t\t\t\t\t\t<span class=\"elementor-button-icon\">\n\t\t\t\t<svg aria-hidden=\"true\" class=\"e-font-icon-svg e-fas-angle-right\" viewBox=\"0 0 256 512\" xmlns=\"http:\/\/www.w3.org\/2000\/svg\"><path d=\"M224.3 273l-136 136c-9.4 9.4-24.6 9.4-33.9 0l-22.6-22.6c-9.4-9.4-9.4-24.6 0-33.9l96.4-96.4-96.4-96.4c-9.4-9.4-9.4-24.6 0-33.9L54.3 103c9.4-9.4 24.6-9.4 33.9 0l136 136c9.5 9.4 9.5 24.6.1 34z\"><\/path><\/svg>\t\t\t<\/span>\n\t\t\t\t\t\t\t\t\t<span class=\"elementor-button-text\">Comment \u00e7a marche<\/span>\n\t\t\t\t\t<\/span>\n\t\t\t\t\t<\/a>\n\t\t\t\t<\/div>\n\t\t\t\t\t\t\t\t<\/div>\n\t\t\t\t<\/div>\n\t\t\t\t<div class=\"elementor-element elementor-element-704dfef hover-icon-btn elementor-widget elementor-widget-button\" data-id=\"704dfef\" data-element_type=\"widget\" data-widget_type=\"button.default\">\n\t\t\t\t<div class=\"elementor-widget-container\">\n\t\t\t\t\t\t\t\t\t<div class=\"elementor-button-wrapper\">\n\t\t\t\t\t<a class=\"elementor-button elementor-button-link elementor-size-sm\" href=\"https:\/\/www.11dtyresealant.com\/fr\/product-range\/\">\n\t\t\t\t\t\t<span class=\"elementor-button-content-wrapper\">\n\t\t\t\t\t\t<span class=\"elementor-button-icon\">\n\t\t\t\t<svg aria-hidden=\"true\" class=\"e-font-icon-svg e-fas-angle-right\" viewBox=\"0 0 256 512\" xmlns=\"http:\/\/www.w3.org\/2000\/svg\"><path d=\"M224.3 273l-136 136c-9.4 9.4-24.6 9.4-33.9 0l-22.6-22.6c-9.4-9.4-9.4-24.6 0-33.9l96.4-96.4-96.4-96.4c-9.4-9.4-9.4-24.6 0-33.9L54.3 103c9.4-9.4 24.6-9.4 33.9 0l136 136c9.5 9.4 9.5 24.6.1 34z\"><\/path><\/svg>\t\t\t<\/span>\n\t\t\t\t\t\t\t\t\t<span class=\"elementor-button-text\">Gamme de produits<\/span>\n\t\t\t\t\t<\/span>\n\t\t\t\t\t<\/a>\n\t\t\t\t<\/div>\n\t\t\t\t\t\t\t\t<\/div>\n\t\t\t\t<\/div>\n\t\t\t\t<\/div>\n\t\t\t\t<\/div>\n\t\t\t\t\t<\/div>\n\t\t\t\t<\/div>\n\t\t<div class=\"elementor-element elementor-element-c152044 e-flex e-con-boxed e-con e-parent\" data-id=\"c152044\" data-element_type=\"container\">\n\t\t\t\t\t<div class=\"e-con-inner\">\n\t\t<div class=\"elementor-element elementor-element-9a9b45a e-con-full e-flex e-con e-child\" data-id=\"9a9b45a\" data-element_type=\"container\">\n\t\t\t\t<div class=\"elementor-element elementor-element-7884ac7 elementor-widget elementor-widget-heading\" data-id=\"7884ac7\" data-element_type=\"widget\" data-widget_type=\"heading.default\">\n\t\t\t\t<div class=\"elementor-widget-container\">\n\t\t\t\t\t<h1 class=\"elementor-heading-title elementor-size-default\">OEM Partnerships<\/h1>\t\t\t\t<\/div>\n\t\t\t\t<\/div>\n\t\t\t\t<div class=\"elementor-element elementor-element-290c7cb elementor-widget elementor-widget-heading\" data-id=\"290c7cb\" data-element_type=\"widget\" data-widget_type=\"heading.default\">\n\t\t\t\t<div class=\"elementor-widget-container\">\n\t\t\t\t\t<h3 class=\"elementor-heading-title elementor-size-default\">Partenariats OEM avec 11D International <\/h3>\t\t\t\t<\/div>\n\t\t\t\t<\/div>\n\t\t\t\t<div class=\"elementor-element elementor-element-b0ae755 elementor-widget elementor-widget-text-editor\" data-id=\"b0ae755\" data-element_type=\"widget\" data-widget_type=\"text-editor.default\">\n\t\t\t\t<div class=\"elementor-widget-container\">\n\t\t\t\t\t\t\t\t\t<p>Chez 11D International, nous sommes fiers de nos partenariats OEM avec les principaux fabricants d\u2019\u00e9quipement d\u2019origine (OEM). En proposant nos pr\u00e9ventifs anticrevaisons premium sous les marques distributeurs, nous offrons aux OEM l\u2019opportunit\u00e9 d\u2019enrichir leur gamme de produits et d\u2019offrir une valeur ajout\u00e9e \u00e0 leurs clients. Gr\u00e2ce \u00e0 ces partenariats, les industries utilisant des v\u00e9hicules lourds, des machines agricoles ou encore des engins de chantier b\u00e9n\u00e9ficient d\u2019une protection durable pour leurs pneus, d\u2019une r\u00e9duction drastique des crevaisons et des temps d\u2019immobilisation.<\/p><p><br \/>Gr\u00e2ce \u00e0 nos partenariats, les fabricants peuvent int\u00e9grer les solutions anticrevaisons 11D \u00e0 leurs offres, garantissant ainsi \u00e0 leurs clients une <br \/>r\u00e9duction des retards li\u00e9s aux crevaisons, une dur\u00e9e de vie prolong\u00e9e des pneus et des co\u00fbts d\u2019exploitation r\u00e9duits. Nos produits sont rigoureusement test\u00e9s et \u00e9prouv\u00e9s pour pr\u00e9venir jusqu\u2019\u00e0 90 % des crevaisons courantes, aidant ainsi les utilisateurs \u00e0 maintenir leur efficacit\u00e9 op\u00e9rationnelle et respecter leurs d\u00e9lais sans <br \/>probl\u00e8me impr\u00e9vu li\u00e9 \u00e0 une crevaison. Avec 11D, vous livrez toujours \u00e0 temps, renfor\u00e7ant ainsi votre r\u00e9putation <br \/>de fiabilit\u00e9.<\/p>\t\t\t\t\t\t\t\t<\/div>\n\t\t\t\t<\/div>\n\t\t\t\t<div class=\"elementor-element elementor-element-6c222bb elementor-widget elementor-widget-heading\" data-id=\"6c222bb\" data-element_type=\"widget\" data-widget_type=\"heading.default\">\n\t\t\t\t<div class=\"elementor-widget-container\">\n\t\t\t\t\t<h3 class=\"elementor-heading-title elementor-size-default\">Exemples de partenariats : <\/h3>\t\t\t\t<\/div>\n\t\t\t\t<\/div>\n\t\t\t\t<div class=\"elementor-element elementor-element-327d23c elementor-widget elementor-widget-text-editor\" data-id=\"327d23c\" data-element_type=\"widget\" data-widget_type=\"text-editor.default\">\n\t\t\t\t<div class=\"elementor-widget-container\">\n\t\t\t\t\t\t\t\t\t<p>De nombreux leaders du secteur ont d\u00e9j\u00e0 \u00e9tabli des partenariats avec 11D International, int\u00e9grant nos solutions anticrevaisons \u00e0 leurs gammes de produits sous leur propre marque. Ces partenariats OEM couvrent de nombreux secteurs, de l\u2019agriculture \u00e0 la construction, garantissant le maintien en service des flottes avec un minimum d\u2019arr\u00eats et une efficacit\u00e9 <br \/>maximale.<\/p>\t\t\t\t\t\t\t\t<\/div>\n\t\t\t\t<\/div>\n\t\t\t\t<\/div>\n\t\t<div class=\"elementor-element elementor-element-bb21dbc e-con-full e-flex e-con e-child\" data-id=\"bb21dbc\" data-element_type=\"container\">\n\t\t\t\t<div class=\"elementor-element elementor-element-57dabc1 elementor-widget elementor-widget-heading\" data-id=\"57dabc1\" data-element_type=\"widget\" data-widget_type=\"heading.default\">\n\t\t\t\t<div class=\"elementor-widget-container\">\n\t\t\t\t\t<h3 class=\"elementor-heading-title elementor-size-default\">Pourquoi choisir 11D pour votre partenariat OEM ?<\/h3>\t\t\t\t<\/div>\n\t\t\t\t<\/div>\n\t\t\t\t<div class=\"elementor-element elementor-element-a1cbc5a elementor-widget elementor-widget-text-editor\" data-id=\"a1cbc5a\" data-element_type=\"widget\" data-widget_type=\"text-editor.default\">\n\t\t\t\t<div class=\"elementor-widget-container\">\n\t\t\t\t\t\t\t\t\t<p>Un partenariat avec 11D International ne se limite pas \u00e0 l\u2019acc\u00e8s \u00e0 un pr\u00e9ventif anticrevaison de haute qualit\u00e9. Nous travaillons en \u00e9troite collaboration avec nos partenaires pour garantir qualit\u00e9 et flexibilit\u00e9 de <br \/>marque. Gr\u00e2ce \u00e0 des produits de marque propre, les OEM peuvent <br \/>renforcer leur pr\u00e9sence sur le march\u00e9 tout en proposant des solutions <br \/>innovantes de protection des pneus afin d\u2019am\u00e9liorer la fiabilit\u00e9 de leur <br \/>flotte, optimiser les performances op\u00e9rationnelles et accro\u00eetre la <br \/>satisfaction client. Au-del\u00e0 de la fourniture de produits, nous soutenons nos partenariats OEM par des initiatives marketing d\u00e9di\u00e9es, des strat\u00e9gies promotionnelles et une assistance commerciale. Gr\u00e2ce \u00e0 notre expertise en mati\u00e8re de protection des pneus, nos partenaires b\u00e9n\u00e9ficient d\u2019une augmentation de leurs revenus, d\u2019une fid\u00e9lisation client \u00e0 long terme et d\u2019un avantage <br \/>concurrentiel dans leur secteur.<\/p>\t\t\t\t\t\t\t\t<\/div>\n\t\t\t\t<\/div>\n\t\t\t\t<\/div>\n\t\t\t\t\t<\/div>\n\t\t\t\t<\/div>\n\t\t\t\t<\/div>\n\t\t","protected":false},"excerpt":{"rendered":"<p>OEM PARTNERS Les pr\u00e9ventifs anticrevaisons 11D sont des solutions liquides innovantes, con\u00e7ues pour prot\u00e9ger les pneus contre 90 % des crevaisons. Comment fonctionnent les solutions pr\u00e9ventives 11D ? Ce produit pr\u00e9ventif est inject\u00e9 \u00e0 l\u2019int\u00e9rieur du pneu \u00e0 l\u2019aide d\u2019une pompe doseuse, et offre une protection contre les crevaisons durant toute la dur\u00e9e de vie [&hellip;]<\/p>\n","protected":false},"author":1,"featured_media":0,"parent":0,"menu_order":0,"comment_status":"closed","ping_status":"closed","template":"","meta":{"_acf_changed":false,"footnotes":""},"class_list":["post-1898","page","type-page","status-publish","hentry"],"acf":[],"yoast_head":"<!-- This site is optimized with the Yoast SEO plugin v25.5 - https:\/\/yoast.com\/wordpress\/plugins\/seo\/ -->\n<title>Partenariats OEM - 11d<\/title>\n<meta name=\"robots\" content=\"index, follow, max-snippet:-1, max-image-preview:large, max-video-preview:-1\" \/>\n<link rel=\"canonical\" href=\"https:\/\/www.11dtyresealant.com\/fr\/oem-partners\/\" \/>\n<meta property=\"og:locale\" content=\"fr_FR\" \/>\n<meta property=\"og:type\" content=\"article\" \/>\n<meta property=\"og:title\" content=\"Partenariats OEM - 11d\" \/>\n<meta property=\"og:description\" content=\"OEM PARTNERS Les pr\u00e9ventifs anticrevaisons 11D sont des solutions liquides innovantes, con\u00e7ues pour prot\u00e9ger les pneus contre 90 % des crevaisons. Comment fonctionnent les solutions pr\u00e9ventives 11D ? Ce produit pr\u00e9ventif est inject\u00e9 \u00e0 l\u2019int\u00e9rieur du pneu \u00e0 l\u2019aide d\u2019une pompe doseuse, et offre une protection contre les crevaisons durant toute la dur\u00e9e de vie [&hellip;]\" \/>\n<meta property=\"og:url\" content=\"https:\/\/www.11dtyresealant.com\/fr\/oem-partners\/\" \/>\n<meta property=\"og:site_name\" content=\"11d\" \/>\n<meta property=\"article:publisher\" content=\"https:\/\/www.facebook.com\/11Dinternational\/\" \/>\n<meta property=\"article:modified_time\" content=\"2025-11-08T20:10:31+00:00\" \/>\n<meta name=\"twitter:card\" content=\"summary_large_image\" \/>\n<meta name=\"twitter:label1\" content=\"Dur\u00e9e de lecture estim\u00e9e\" \/>\n\t<meta name=\"twitter:data1\" content=\"3 minutes\" \/>\n<!-- \/ Yoast SEO plugin. -->","yoast_head_json":{"title":"Partenariats OEM - 11d","robots":{"index":"index","follow":"follow","max-snippet":"max-snippet:-1","max-image-preview":"max-image-preview:large","max-video-preview":"max-video-preview:-1"},"canonical":"https:\/\/www.11dtyresealant.com\/fr\/oem-partners\/","og_locale":"fr_FR","og_type":"article","og_title":"Partenariats OEM - 11d","og_description":"OEM PARTNERS Les pr\u00e9ventifs anticrevaisons 11D sont des solutions liquides innovantes, con\u00e7ues pour prot\u00e9ger les pneus contre 90 % des crevaisons. Comment fonctionnent les solutions pr\u00e9ventives 11D ? Ce produit pr\u00e9ventif est inject\u00e9 \u00e0 l\u2019int\u00e9rieur du pneu \u00e0 l\u2019aide d\u2019une pompe doseuse, et offre une protection contre les crevaisons durant toute la dur\u00e9e de vie [&hellip;]","og_url":"https:\/\/www.11dtyresealant.com\/fr\/oem-partners\/","og_site_name":"11d","article_publisher":"https:\/\/www.facebook.com\/11Dinternational\/","article_modified_time":"2025-11-08T20:10:31+00:00","twitter_card":"summary_large_image","twitter_misc":{"Dur\u00e9e de lecture estim\u00e9e":"3 minutes"},"schema":{"@context":"https:\/\/schema.org","@graph":[{"@type":"WebPage","@id":"https:\/\/www.11dtyresealant.com\/fr\/oem-partners\/","url":"https:\/\/www.11dtyresealant.com\/fr\/oem-partners\/","name":"Partenariats OEM - 11d","isPartOf":{"@id":"https:\/\/www.11dtyresealant.com\/fr\/#website"},"datePublished":"2025-04-07T10:28:53+00:00","dateModified":"2025-11-08T20:10:31+00:00","breadcrumb":{"@id":"https:\/\/www.11dtyresealant.com\/fr\/oem-partners\/#breadcrumb"},"inLanguage":"fr-FR","potentialAction":[{"@type":"ReadAction","target":["https:\/\/www.11dtyresealant.com\/fr\/oem-partners\/"]}]},{"@type":"BreadcrumbList","@id":"https:\/\/www.11dtyresealant.com\/fr\/oem-partners\/#breadcrumb","itemListElement":[{"@type":"ListItem","position":1,"name":"Home","item":"https:\/\/www.11dtyresealant.com\/fr\/"},{"@type":"ListItem","position":2,"name":"Partenariats OEM"}]},{"@type":"WebSite","@id":"https:\/\/www.11dtyresealant.com\/fr\/#website","url":"https:\/\/www.11dtyresealant.com\/fr\/","name":"11d","description":"","publisher":{"@id":"https:\/\/www.11dtyresealant.com\/fr\/#organization"},"potentialAction":[{"@type":"SearchAction","target":{"@type":"EntryPoint","urlTemplate":"https:\/\/www.11dtyresealant.com\/fr\/?s={search_term_string}"},"query-input":{"@type":"PropertyValueSpecification","valueRequired":true,"valueName":"search_term_string"}}],"inLanguage":"fr-FR"},{"@type":"Organization","@id":"https:\/\/www.11dtyresealant.com\/fr\/#organization","name":"11D Tyre Sealant","alternateName":"Okoned","url":"https:\/\/www.11dtyresealant.com\/fr\/","logo":{"@type":"ImageObject","inLanguage":"fr-FR","@id":"https:\/\/www.11dtyresealant.com\/fr\/#\/schema\/logo\/image\/","url":"https:\/\/www.11dtyresealant.com\/wp-content\/uploads\/2025\/10\/images.png","contentUrl":"https:\/\/www.11dtyresealant.com\/wp-content\/uploads\/2025\/10\/images.png","width":225,"height":225,"caption":"11D Tyre Sealant"},"image":{"@id":"https:\/\/www.11dtyresealant.com\/fr\/#\/schema\/logo\/image\/"},"sameAs":["https:\/\/www.facebook.com\/11Dinternational\/"]}]}},"_links":{"self":[{"href":"https:\/\/www.11dtyresealant.com\/fr\/wp-json\/wp\/v2\/pages\/1898","targetHints":{"allow":["GET"]}}],"collection":[{"href":"https:\/\/www.11dtyresealant.com\/fr\/wp-json\/wp\/v2\/pages"}],"about":[{"href":"https:\/\/www.11dtyresealant.com\/fr\/wp-json\/wp\/v2\/types\/page"}],"author":[{"embeddable":true,"href":"https:\/\/www.11dtyresealant.com\/fr\/wp-json\/wp\/v2\/users\/1"}],"replies":[{"embeddable":true,"href":"https:\/\/www.11dtyresealant.com\/fr\/wp-json\/wp\/v2\/comments?post=1898"}],"version-history":[{"count":6,"href":"https:\/\/www.11dtyresealant.com\/fr\/wp-json\/wp\/v2\/pages\/1898\/revisions"}],"predecessor-version":[{"id":2611,"href":"https:\/\/www.11dtyresealant.com\/fr\/wp-json\/wp\/v2\/pages\/1898\/revisions\/2611"}],"wp:attachment":[{"href":"https:\/\/www.11dtyresealant.com\/fr\/wp-json\/wp\/v2\/media?parent=1898"}],"curies":[{"name":"wp","href":"https:\/\/api.w.org\/{rel}","templated":true}]}}